{"id":3960,"date":"2024-02-19T17:27:55","date_gmt":"2024-02-19T17:27:55","guid":{"rendered":"https:\/\/villapaladina.com\/contactos-uteis\/"},"modified":"2024-02-19T17:31:28","modified_gmt":"2024-02-19T17:31:28","slug":"contactos-uteis","status":"publish","type":"page","link":"https:\/\/villapaladina.com\/pt-pt\/contactos-uteis\/","title":{"rendered":"CONTACTOS \u00daTEIS"},"content":{"rendered":"<p><strong>Bombeiros- 112 ou 115<\/strong><br \/>\nRua 31 de Janeiro, Caldas da Rainha<br \/>\nT:+351 262\u00a0840\u00a0550<\/p>\n<p><strong>Pol\u00edcia Caldas da Rainha- 112 ou 115<\/strong><br \/>\nRua 31 de Janeiro, Caldas da Rainha<br \/>\nT:+351 262 870\u00a0360<\/p>\n<p><strong>Urg\u00eancias Inem-112 ou 115<\/strong><\/p>\n<p><strong>Informa\u00e7\u00f5es \u2013 118<\/strong><\/p>\n<p><strong>Hospital de Caldas da Rainha<\/strong><br \/>\nCasa Rodrigo Berquo<br \/>\nRua Di\u00e1rio do Noticias,Caldas da Rainha<br \/>\nT: +351 262\u00a0830\u00a0300<\/p>\n<p><strong>Banco Montepio <\/strong><br \/>\nRua Montepio Rainha Dona Leonor, 2500 Caldas da Rainha<br \/>\nT:+351 62 837\u00a0100<\/p>\n<p><strong>Assist\u00eancia em caso de intoxica\u00e7\u00e3o<br \/>\n<\/strong>T\u00a0:+351 808\u00a0250\u00a0143<\/p>\n<p><strong>Urg\u00eancia Pediatrica<\/strong><br \/>\nT\u00a0:+351 808 24 24 00<\/p>\n<p><strong>Assist\u00eancia a Turistas<\/strong><br \/>\nT\u00a0:+351 800\u00a0296\u00a0296<\/p>\n<p><strong>Farm\u00e1cia Foz do Arelho <\/strong><br \/>\nLargo do Arraial, 1A<br \/>\nT\u00a0:+351 262\u00a0979\u00a0229<\/p>\n<h3><strong>T\u00e1xi<\/strong><\/h3>\n<p>Pra\u00e7a da Rep\u00fablica<strong><br \/>\n<\/strong>T\u00a0:+351 262\u00a0832\u00a0455<\/p>\n<p>(Privado) David Vicente<br \/>\nT\u00a0: 911\u00a0775\u00a0268 \/<\/p>\n<p>(Privado) Teixera<br \/>\nT\u00a0:911\u00a0039\u00a0991<\/p>\n<p>(Privado)F\u00e1bio Pinto<br \/>\nT\u00a0:+351 919\u00a0051\u00a0758<\/p>\n<h3><strong>Centro comercial<\/strong><\/h3>\n<p>Rua Belchior de Matos, 11, 2500-324 Caldas da Rainha<br \/>\nT\u00a0: +351 262\u00a0870\u00a0020<\/p>\n<h3><strong>Hipermercados<\/strong><\/h3>\n<p><strong>Leclerc<\/strong><br \/>\nQuinta do Salgados, 2504-915 Caldas da Rainha<br \/>\nT\u00a0: +351 262\u00a0870\u00a0130<\/p>\n<p><strong>Lidl<\/strong><br \/>\nRua S\u00e3o Jo\u00e3o de Deus, 8, 2500-885 Caldas da Rainha<br \/>\nT\u00a0: +351 210\u00a0207\u00a0000<\/p>\n<p><strong>Intermarch\u00e9<\/strong><br \/>\nQuinta dos Pinheiros, Edif\u00edcio Intermarch\u00e9, Lote 1<br \/>\nT\u00a0: +351 <a href=\"tel:262889130\">262\u00a0889 130<\/a><\/p>\n<p><strong>Continente<\/strong><br \/>\nRua Dr. Bernardino Ant\u00f3nio Carvalho \u00a0Pargana,<br \/>\nT; +351 262 840 870<\/p>\n","protected":false},"excerpt":{"rendered":"<p>Bombeiros- 112 ou 115 Rua 31 de Janeiro, Caldas da Rainha T:+351 262\u00a0840\u00a0550 Pol\u00edcia Caldas da Rainha- 112 ou 115 Rua 31 de Janeiro, Caldas da Rainha T:+351 262 870\u00a0360 Urg\u00eancias Inem-112 ou 115 Informa\u00e7\u00f5es \u2013 118 Hospital de Caldas da Rainha Casa Rodrigo Berquo Rua Di\u00e1rio do Noticias,Caldas da Rainha T: +351 262\u00a0830\u00a0300 Banco [&hellip;]<\/p>\n","protected":false},"author":2,"featured_media":0,"parent":0,"menu_order":0,"comment_status":"closed","ping_status":"closed","template":"","meta":{"_acf_changed":false,"footnotes":""},"class_list":["post-3960","page","type-page","status-publish","hentry"],"acf":[],"yoast_head":"<!-- This site is optimized with the Yoast SEO plugin v26.4 - https:\/\/yoast.com\/wordpress\/plugins\/seo\/ -->\n<title>CONTACTOS \u00daTEIS - Villa Paladina<\/title>\n<meta name=\"robots\" content=\"index, follow, max-snippet:-1, max-image-preview:large, max-video-preview:-1\" \/>\n<link rel=\"canonical\" href=\"https:\/\/villapaladina.com\/pt-pt\/contactos-uteis\/\" \/>\n<meta property=\"og:locale\" content=\"pt_PT\" \/>\n<meta property=\"og:type\" content=\"article\" \/>\n<meta property=\"og:title\" content=\"CONTACTOS \u00daTEIS - Villa Paladina\" \/>\n<meta property=\"og:description\" content=\"Bombeiros- 112 ou 115 Rua 31 de Janeiro, Caldas da Rainha T:+351 262\u00a0840\u00a0550 Pol\u00edcia Caldas da Rainha- 112 ou 115 Rua 31 de Janeiro, Caldas da Rainha T:+351 262 870\u00a0360 Urg\u00eancias Inem-112 ou 115 Informa\u00e7\u00f5es \u2013 118 Hospital de Caldas da Rainha Casa Rodrigo Berquo Rua Di\u00e1rio do Noticias,Caldas da Rainha T: +351 262\u00a0830\u00a0300 Banco [&hellip;]\" \/>\n<meta property=\"og:url\" content=\"https:\/\/villapaladina.com\/pt-pt\/contactos-uteis\/\" \/>\n<meta property=\"og:site_name\" content=\"Villa Paladina\" \/>\n<meta property=\"article:publisher\" content=\"https:\/\/www.facebook.com\/villapaladina\" \/>\n<meta property=\"article:modified_time\" content=\"2024-02-19T17:31:28+00:00\" \/>\n<meta name=\"twitter:card\" content=\"summary_large_image\" \/>\n<meta name=\"twitter:label1\" content=\"Tempo estimado de leitura\" \/>\n\t<meta name=\"twitter:data1\" content=\"2 minutos\" \/>\n<script type=\"application\/ld+json\" class=\"yoast-schema-graph\">{\"@context\":\"https:\/\/schema.org\",\"@graph\":[{\"@type\":\"WebPage\",\"@id\":\"https:\/\/villapaladina.com\/pt-pt\/contactos-uteis\/\",\"url\":\"https:\/\/villapaladina.com\/pt-pt\/contactos-uteis\/\",\"name\":\"CONTACTOS \u00daTEIS - Villa Paladina\",\"isPartOf\":{\"@id\":\"https:\/\/villapaladina.com\/#website\"},\"datePublished\":\"2024-02-19T17:27:55+00:00\",\"dateModified\":\"2024-02-19T17:31:28+00:00\",\"breadcrumb\":{\"@id\":\"https:\/\/villapaladina.com\/pt-pt\/contactos-uteis\/#breadcrumb\"},\"inLanguage\":\"pt-PT\",\"potentialAction\":[{\"@type\":\"ReadAction\",\"target\":[\"https:\/\/villapaladina.com\/pt-pt\/contactos-uteis\/\"]}]},{\"@type\":\"BreadcrumbList\",\"@id\":\"https:\/\/villapaladina.com\/pt-pt\/contactos-uteis\/#breadcrumb\",\"itemListElement\":[{\"@type\":\"ListItem\",\"position\":1,\"name\":\"In\u00edcio\",\"item\":\"https:\/\/villapaladina.com\/pt-pt\/\"},{\"@type\":\"ListItem\",\"position\":2,\"name\":\"CONTACTOS \u00daTEIS\"}]},{\"@type\":\"WebSite\",\"@id\":\"https:\/\/villapaladina.com\/#website\",\"url\":\"https:\/\/villapaladina.com\/\",\"name\":\"Villa Paladina\",\"description\":\"\",\"publisher\":{\"@id\":\"https:\/\/villapaladina.com\/#organization\"},\"potentialAction\":[{\"@type\":\"SearchAction\",\"target\":{\"@type\":\"EntryPoint\",\"urlTemplate\":\"https:\/\/villapaladina.com\/?s={search_term_string}\"},\"query-input\":{\"@type\":\"PropertyValueSpecification\",\"valueRequired\":true,\"valueName\":\"search_term_string\"}}],\"inLanguage\":\"pt-PT\"},{\"@type\":\"Organization\",\"@id\":\"https:\/\/villapaladina.com\/#organization\",\"name\":\"Villa Paladina\",\"url\":\"https:\/\/villapaladina.com\/\",\"logo\":{\"@type\":\"ImageObject\",\"inLanguage\":\"pt-PT\",\"@id\":\"https:\/\/villapaladina.com\/#\/schema\/logo\/image\/\",\"url\":\"https:\/\/villapaladina.com\/wp-content\/uploads\/2020\/01\/logo.png\",\"contentUrl\":\"https:\/\/villapaladina.com\/wp-content\/uploads\/2020\/01\/logo.png\",\"width\":200,\"height\":163,\"caption\":\"Villa Paladina\"},\"image\":{\"@id\":\"https:\/\/villapaladina.com\/#\/schema\/logo\/image\/\"},\"sameAs\":[\"https:\/\/www.facebook.com\/villapaladina\",\"https:\/\/www.instagram.com\/villapaladina\/\"]}]}<\/script>\n<!-- \/ Yoast SEO plugin. -->","yoast_head_json":{"title":"CONTACTOS \u00daTEIS - Villa Paladina","robots":{"index":"index","follow":"follow","max-snippet":"max-snippet:-1","max-image-preview":"max-image-preview:large","max-video-preview":"max-video-preview:-1"},"canonical":"https:\/\/villapaladina.com\/pt-pt\/contactos-uteis\/","og_locale":"pt_PT","og_type":"article","og_title":"CONTACTOS \u00daTEIS - Villa Paladina","og_description":"Bombeiros- 112 ou 115 Rua 31 de Janeiro, Caldas da Rainha T:+351 262\u00a0840\u00a0550 Pol\u00edcia Caldas da Rainha- 112 ou 115 Rua 31 de Janeiro, Caldas da Rainha T:+351 262 870\u00a0360 Urg\u00eancias Inem-112 ou 115 Informa\u00e7\u00f5es \u2013 118 Hospital de Caldas da Rainha Casa Rodrigo Berquo Rua Di\u00e1rio do Noticias,Caldas da Rainha T: +351 262\u00a0830\u00a0300 Banco [&hellip;]","og_url":"https:\/\/villapaladina.com\/pt-pt\/contactos-uteis\/","og_site_name":"Villa Paladina","article_publisher":"https:\/\/www.facebook.com\/villapaladina","article_modified_time":"2024-02-19T17:31:28+00:00","twitter_card":"summary_large_image","twitter_misc":{"Tempo estimado de leitura":"2 minutos"},"schema":{"@context":"https:\/\/schema.org","@graph":[{"@type":"WebPage","@id":"https:\/\/villapaladina.com\/pt-pt\/contactos-uteis\/","url":"https:\/\/villapaladina.com\/pt-pt\/contactos-uteis\/","name":"CONTACTOS \u00daTEIS - Villa Paladina","isPartOf":{"@id":"https:\/\/villapaladina.com\/#website"},"datePublished":"2024-02-19T17:27:55+00:00","dateModified":"2024-02-19T17:31:28+00:00","breadcrumb":{"@id":"https:\/\/villapaladina.com\/pt-pt\/contactos-uteis\/#breadcrumb"},"inLanguage":"pt-PT","potentialAction":[{"@type":"ReadAction","target":["https:\/\/villapaladina.com\/pt-pt\/contactos-uteis\/"]}]},{"@type":"BreadcrumbList","@id":"https:\/\/villapaladina.com\/pt-pt\/contactos-uteis\/#breadcrumb","itemListElement":[{"@type":"ListItem","position":1,"name":"In\u00edcio","item":"https:\/\/villapaladina.com\/pt-pt\/"},{"@type":"ListItem","position":2,"name":"CONTACTOS \u00daTEIS"}]},{"@type":"WebSite","@id":"https:\/\/villapaladina.com\/#website","url":"https:\/\/villapaladina.com\/","name":"Villa Paladina","description":"","publisher":{"@id":"https:\/\/villapaladina.com\/#organization"},"potentialAction":[{"@type":"SearchAction","target":{"@type":"EntryPoint","urlTemplate":"https:\/\/villapaladina.com\/?s={search_term_string}"},"query-input":{"@type":"PropertyValueSpecification","valueRequired":true,"valueName":"search_term_string"}}],"inLanguage":"pt-PT"},{"@type":"Organization","@id":"https:\/\/villapaladina.com\/#organization","name":"Villa Paladina","url":"https:\/\/villapaladina.com\/","logo":{"@type":"ImageObject","inLanguage":"pt-PT","@id":"https:\/\/villapaladina.com\/#\/schema\/logo\/image\/","url":"https:\/\/villapaladina.com\/wp-content\/uploads\/2020\/01\/logo.png","contentUrl":"https:\/\/villapaladina.com\/wp-content\/uploads\/2020\/01\/logo.png","width":200,"height":163,"caption":"Villa Paladina"},"image":{"@id":"https:\/\/villapaladina.com\/#\/schema\/logo\/image\/"},"sameAs":["https:\/\/www.facebook.com\/villapaladina","https:\/\/www.instagram.com\/villapaladina\/"]}]}},"_links":{"self":[{"href":"https:\/\/villapaladina.com\/pt-pt\/wp-json\/wp\/v2\/pages\/3960","targetHints":{"allow":["GET"]}}],"collection":[{"href":"https:\/\/villapaladina.com\/pt-pt\/wp-json\/wp\/v2\/pages"}],"about":[{"href":"https:\/\/villapaladina.com\/pt-pt\/wp-json\/wp\/v2\/types\/page"}],"author":[{"embeddable":true,"href":"https:\/\/villapaladina.com\/pt-pt\/wp-json\/wp\/v2\/users\/2"}],"replies":[{"embeddable":true,"href":"https:\/\/villapaladina.com\/pt-pt\/wp-json\/wp\/v2\/comments?post=3960"}],"version-history":[{"count":0,"href":"https:\/\/villapaladina.com\/pt-pt\/wp-json\/wp\/v2\/pages\/3960\/revisions"}],"wp:attachment":[{"href":"https:\/\/villapaladina.com\/pt-pt\/wp-json\/wp\/v2\/media?parent=3960"}],"curies":[{"name":"wp","href":"https:\/\/api.w.org\/{rel}","templated":true}]}}