{"id":3823,"date":"2023-03-31T18:50:26","date_gmt":"2023-03-31T18:50:26","guid":{"rendered":"https:\/\/villapaladina.com\/conditions-services\/"},"modified":"2023-04-10T16:11:03","modified_gmt":"2023-04-10T16:11:03","slug":"conditions-services","status":"publish","type":"page","link":"https:\/\/villapaladina.com\/pt-pt\/conditions-services\/","title":{"rendered":"Condi\u00e7\u00f5es e Servi\u00e7os"},"content":{"rendered":"<h1>Condi\u00e7\u00f5es e Servi\u00e7os<\/h1>\n<h3>QUARTOS<\/h3>\n<p>Os quartos da Villa Paladina s\u00e3o tem\u00e1ticos e cada um representa uma faceta da Praia Foz do Arelho: os barcos na lagoa, as dunas, as fal\u00e9sias, as conchas, as gaivotas e a baleia imagin\u00e1ria que habita o horizonte atl\u00e2ntico. Cada sala est\u00e1 equipada com todo o conforto e oferece uma vista panor\u00e2mica sobre toda a zona da lagoa, as encostas e o oceano.<\/p>\n<p><strong>Check Out: 7h \u00e0s 11h\/ Check In: 15h \u00e0s 20h.<\/strong><\/p>\n<p>Se chegar antes das 15 horas, pode deixar a sua bagagem na recep\u00e7\u00e3o.<\/p>\n<h3><strong>Pequeno almo\u00e7o inclu\u00eddo: <\/strong><\/h3>\n<p>7h30 \u00e0s 11h00<\/p>\n<p><strong>WIFI gratuito<\/strong><\/p>\n<p><strong>Localiza\u00e7\u00e3o: 3 andares &#8211; Piso -1, 0 e 1<\/strong><\/p>\n<p><strong>Piso -1: Estacionamento, sala de massagens e sala de confer\u00eancias<\/strong><\/p>\n<p><strong>Piso 0: Recep\u00e7\u00e3o, Cozinha, Quartos<\/strong><\/p>\n<p><strong>Piso 1: Quartos<\/strong><\/p>\n<p>&nbsp;<\/p>\n<p><strong>Terra\u00e7o florido e Varanda<\/strong><\/p>\n<p><strong>Cofre<\/strong><\/p>\n<p><strong>Piscina exterior<\/strong><\/p>\n<p><strong>Sala de massagem<\/strong><\/p>\n<p>&nbsp;<\/p>\n<p><strong>Pol\u00edtica de cancelamento:<\/strong><\/p>\n<p>Se cancelado at\u00e9 3 dias antes da chegada, n\u00e3o ser\u00e1 cobrada qualquer taxa.<\/p>\n<p>Em caso de n\u00e3o compar\u00eancia, ser\u00e1 cobrado o montante total da reserva.<\/p>\n<p><strong>Estacionamento:<\/strong><\/p>\n<p>Estacionamento gratuito e dispon\u00edvel na Villa.<\/p>\n<p>&nbsp;<\/p>\n<p><strong>Animais de estima\u00e7\u00e3o:<\/strong><\/p>\n<p>Os animais de estima\u00e7\u00e3o n\u00e3o s\u00e3o permitidos.<\/p>\n<p>&nbsp;<\/p>\n<p><strong>\u00c1rea de fumadores:<\/strong><\/p>\n<p>N\u00e3o \u00e9 permitido fumar em todas as \u00e1reas interiores da propriedade.<\/p>\n<p>&nbsp;<\/p>\n","protected":false},"excerpt":{"rendered":"<p>Condi\u00e7\u00f5es e Servi\u00e7os QUARTOS Os quartos da Villa Paladina s\u00e3o tem\u00e1ticos e cada um representa uma faceta da Praia Foz do Arelho: os barcos na lagoa, as dunas, as fal\u00e9sias, as conchas, as gaivotas e a baleia imagin\u00e1ria que habita o horizonte atl\u00e2ntico. Cada sala est\u00e1 equipada com todo o conforto e oferece uma vista [&hellip;]<\/p>\n","protected":false},"author":2,"featured_media":0,"parent":0,"menu_order":0,"comment_status":"closed","ping_status":"closed","template":"terms-and-conditions.php","meta":{"_acf_changed":false,"footnotes":""},"class_list":["post-3823","page","type-page","status-publish","hentry"],"acf":[],"yoast_head":"<!-- This site is optimized with the Yoast SEO plugin v26.4 - https:\/\/yoast.com\/wordpress\/plugins\/seo\/ -->\n<title>Condi\u00e7\u00f5es e Servi\u00e7os - Villa Paladina<\/title>\n<meta name=\"robots\" content=\"index, follow, max-snippet:-1, max-image-preview:large, max-video-preview:-1\" \/>\n<link rel=\"canonical\" href=\"https:\/\/villapaladina.com\/pt-pt\/conditions-services\/\" \/>\n<meta property=\"og:locale\" content=\"pt_PT\" \/>\n<meta property=\"og:type\" content=\"article\" \/>\n<meta property=\"og:title\" content=\"Condi\u00e7\u00f5es e Servi\u00e7os - Villa Paladina\" \/>\n<meta property=\"og:description\" content=\"Condi\u00e7\u00f5es e Servi\u00e7os QUARTOS Os quartos da Villa Paladina s\u00e3o tem\u00e1ticos e cada um representa uma faceta da Praia Foz do Arelho: os barcos na lagoa, as dunas, as fal\u00e9sias, as conchas, as gaivotas e a baleia imagin\u00e1ria que habita o horizonte atl\u00e2ntico. Cada sala est\u00e1 equipada com todo o conforto e oferece uma vista [&hellip;]\" \/>\n<meta property=\"og:url\" content=\"https:\/\/villapaladina.com\/pt-pt\/conditions-services\/\" \/>\n<meta property=\"og:site_name\" content=\"Villa Paladina\" \/>\n<meta property=\"article:publisher\" content=\"https:\/\/www.facebook.com\/villapaladina\" \/>\n<meta property=\"article:modified_time\" content=\"2023-04-10T16:11:03+00:00\" \/>\n<meta name=\"twitter:card\" content=\"summary_large_image\" \/>\n<meta name=\"twitter:label1\" content=\"Tempo estimado de leitura\" \/>\n\t<meta name=\"twitter:data1\" content=\"1 minuto\" \/>\n<script type=\"application\/ld+json\" class=\"yoast-schema-graph\">{\"@context\":\"https:\/\/schema.org\",\"@graph\":[{\"@type\":\"WebPage\",\"@id\":\"https:\/\/villapaladina.com\/pt-pt\/conditions-services\/\",\"url\":\"https:\/\/villapaladina.com\/pt-pt\/conditions-services\/\",\"name\":\"Condi\u00e7\u00f5es e Servi\u00e7os - Villa Paladina\",\"isPartOf\":{\"@id\":\"https:\/\/villapaladina.com\/#website\"},\"datePublished\":\"2023-03-31T18:50:26+00:00\",\"dateModified\":\"2023-04-10T16:11:03+00:00\",\"breadcrumb\":{\"@id\":\"https:\/\/villapaladina.com\/pt-pt\/conditions-services\/#breadcrumb\"},\"inLanguage\":\"pt-PT\",\"potentialAction\":[{\"@type\":\"ReadAction\",\"target\":[\"https:\/\/villapaladina.com\/pt-pt\/conditions-services\/\"]}]},{\"@type\":\"BreadcrumbList\",\"@id\":\"https:\/\/villapaladina.com\/pt-pt\/conditions-services\/#breadcrumb\",\"itemListElement\":[{\"@type\":\"ListItem\",\"position\":1,\"name\":\"In\u00edcio\",\"item\":\"https:\/\/villapaladina.com\/pt-pt\/\"},{\"@type\":\"ListItem\",\"position\":2,\"name\":\"Condi\u00e7\u00f5es e Servi\u00e7os\"}]},{\"@type\":\"WebSite\",\"@id\":\"https:\/\/villapaladina.com\/#website\",\"url\":\"https:\/\/villapaladina.com\/\",\"name\":\"Villa Paladina\",\"description\":\"\",\"publisher\":{\"@id\":\"https:\/\/villapaladina.com\/#organization\"},\"potentialAction\":[{\"@type\":\"SearchAction\",\"target\":{\"@type\":\"EntryPoint\",\"urlTemplate\":\"https:\/\/villapaladina.com\/?s={search_term_string}\"},\"query-input\":{\"@type\":\"PropertyValueSpecification\",\"valueRequired\":true,\"valueName\":\"search_term_string\"}}],\"inLanguage\":\"pt-PT\"},{\"@type\":\"Organization\",\"@id\":\"https:\/\/villapaladina.com\/#organization\",\"name\":\"Villa Paladina\",\"url\":\"https:\/\/villapaladina.com\/\",\"logo\":{\"@type\":\"ImageObject\",\"inLanguage\":\"pt-PT\",\"@id\":\"https:\/\/villapaladina.com\/#\/schema\/logo\/image\/\",\"url\":\"https:\/\/villapaladina.com\/wp-content\/uploads\/2020\/01\/logo.png\",\"contentUrl\":\"https:\/\/villapaladina.com\/wp-content\/uploads\/2020\/01\/logo.png\",\"width\":200,\"height\":163,\"caption\":\"Villa Paladina\"},\"image\":{\"@id\":\"https:\/\/villapaladina.com\/#\/schema\/logo\/image\/\"},\"sameAs\":[\"https:\/\/www.facebook.com\/villapaladina\",\"https:\/\/www.instagram.com\/villapaladina\/\"]}]}<\/script>\n<!-- \/ Yoast SEO plugin. -->","yoast_head_json":{"title":"Condi\u00e7\u00f5es e Servi\u00e7os - Villa Paladina","robots":{"index":"index","follow":"follow","max-snippet":"max-snippet:-1","max-image-preview":"max-image-preview:large","max-video-preview":"max-video-preview:-1"},"canonical":"https:\/\/villapaladina.com\/pt-pt\/conditions-services\/","og_locale":"pt_PT","og_type":"article","og_title":"Condi\u00e7\u00f5es e Servi\u00e7os - Villa Paladina","og_description":"Condi\u00e7\u00f5es e Servi\u00e7os QUARTOS Os quartos da Villa Paladina s\u00e3o tem\u00e1ticos e cada um representa uma faceta da Praia Foz do Arelho: os barcos na lagoa, as dunas, as fal\u00e9sias, as conchas, as gaivotas e a baleia imagin\u00e1ria que habita o horizonte atl\u00e2ntico. Cada sala est\u00e1 equipada com todo o conforto e oferece uma vista [&hellip;]","og_url":"https:\/\/villapaladina.com\/pt-pt\/conditions-services\/","og_site_name":"Villa Paladina","article_publisher":"https:\/\/www.facebook.com\/villapaladina","article_modified_time":"2023-04-10T16:11:03+00:00","twitter_card":"summary_large_image","twitter_misc":{"Tempo estimado de leitura":"1 minuto"},"schema":{"@context":"https:\/\/schema.org","@graph":[{"@type":"WebPage","@id":"https:\/\/villapaladina.com\/pt-pt\/conditions-services\/","url":"https:\/\/villapaladina.com\/pt-pt\/conditions-services\/","name":"Condi\u00e7\u00f5es e Servi\u00e7os - Villa Paladina","isPartOf":{"@id":"https:\/\/villapaladina.com\/#website"},"datePublished":"2023-03-31T18:50:26+00:00","dateModified":"2023-04-10T16:11:03+00:00","breadcrumb":{"@id":"https:\/\/villapaladina.com\/pt-pt\/conditions-services\/#breadcrumb"},"inLanguage":"pt-PT","potentialAction":[{"@type":"ReadAction","target":["https:\/\/villapaladina.com\/pt-pt\/conditions-services\/"]}]},{"@type":"BreadcrumbList","@id":"https:\/\/villapaladina.com\/pt-pt\/conditions-services\/#breadcrumb","itemListElement":[{"@type":"ListItem","position":1,"name":"In\u00edcio","item":"https:\/\/villapaladina.com\/pt-pt\/"},{"@type":"ListItem","position":2,"name":"Condi\u00e7\u00f5es e Servi\u00e7os"}]},{"@type":"WebSite","@id":"https:\/\/villapaladina.com\/#website","url":"https:\/\/villapaladina.com\/","name":"Villa Paladina","description":"","publisher":{"@id":"https:\/\/villapaladina.com\/#organization"},"potentialAction":[{"@type":"SearchAction","target":{"@type":"EntryPoint","urlTemplate":"https:\/\/villapaladina.com\/?s={search_term_string}"},"query-input":{"@type":"PropertyValueSpecification","valueRequired":true,"valueName":"search_term_string"}}],"inLanguage":"pt-PT"},{"@type":"Organization","@id":"https:\/\/villapaladina.com\/#organization","name":"Villa Paladina","url":"https:\/\/villapaladina.com\/","logo":{"@type":"ImageObject","inLanguage":"pt-PT","@id":"https:\/\/villapaladina.com\/#\/schema\/logo\/image\/","url":"https:\/\/villapaladina.com\/wp-content\/uploads\/2020\/01\/logo.png","contentUrl":"https:\/\/villapaladina.com\/wp-content\/uploads\/2020\/01\/logo.png","width":200,"height":163,"caption":"Villa Paladina"},"image":{"@id":"https:\/\/villapaladina.com\/#\/schema\/logo\/image\/"},"sameAs":["https:\/\/www.facebook.com\/villapaladina","https:\/\/www.instagram.com\/villapaladina\/"]}]}},"_links":{"self":[{"href":"https:\/\/villapaladina.com\/pt-pt\/wp-json\/wp\/v2\/pages\/3823","targetHints":{"allow":["GET"]}}],"collection":[{"href":"https:\/\/villapaladina.com\/pt-pt\/wp-json\/wp\/v2\/pages"}],"about":[{"href":"https:\/\/villapaladina.com\/pt-pt\/wp-json\/wp\/v2\/types\/page"}],"author":[{"embeddable":true,"href":"https:\/\/villapaladina.com\/pt-pt\/wp-json\/wp\/v2\/users\/2"}],"replies":[{"embeddable":true,"href":"https:\/\/villapaladina.com\/pt-pt\/wp-json\/wp\/v2\/comments?post=3823"}],"version-history":[{"count":0,"href":"https:\/\/villapaladina.com\/pt-pt\/wp-json\/wp\/v2\/pages\/3823\/revisions"}],"wp:attachment":[{"href":"https:\/\/villapaladina.com\/pt-pt\/wp-json\/wp\/v2\/media?parent=3823"}],"curies":[{"name":"wp","href":"https:\/\/api.w.org\/{rel}","templated":true}]}}