{"id":3820,"date":"2023-04-10T15:56:20","date_gmt":"2023-04-10T15:56:20","guid":{"rendered":"https:\/\/villapaladina.com\/politica-de-privacidade\/"},"modified":"2023-04-10T16:18:18","modified_gmt":"2023-04-10T16:18:18","slug":"politica-de-privacidade","status":"publish","type":"page","link":"https:\/\/villapaladina.com\/pt-pt\/politica-de-privacidade\/","title":{"rendered":"Pol\u00edtica de Privacidade"},"content":{"rendered":"<h1>Pol\u00edtica de Privacidade<\/h1>\n<p>Esta p\u00e1gina divulga a pol\u00edtica de privacidade para www.villapaladina.com.<\/p>\n<p>Este aviso de privacidade aplica-se apenas aos dados recolhidas por este site. Ele ir\u00e1 inform\u00e1-lo sobre o seguinte:<\/p>\n<p>Quais os dados pessoais que s\u00e3o recolhidos atrav\u00e9s do site, como s\u00e3o usados e com quem podem ser partilhados.<br \/>\nComo pode gerir os seus dados pessoais.<br \/>\nOs procedimentos de seguran\u00e7a em vigor para proteger o uso indevido dos seus dados.<br \/>\nComo pode corrigir quaisquer imprecis\u00f5es nos dados.<\/p>\n<h3>RECOLHA, USO E PARTILHA DE DADOS<\/h3>\n<p>Somos os \u00fanicos propriet\u00e1rios dos dados recolhidos neste site. N\u00f3s s\u00f3 temos acesso aos dados que nos fornece voluntariamente via e-mail ou outro contacto direto. N\u00e3o iremos vender ou ceder estes dados para ningu\u00e9m.<\/p>\n<h3>O SEU ACESSO E CONTROLO DA INFORMA\u00c7\u00c3O<\/h3>\n<p>Pode a qualquer momento entrar em contacto connosco por email (info@villapaladina.com) ou telefone (+351 962 912 416) a qualquer momento para:<\/p>\n<p>Ver quais os seus dados que dispomos guardados;<br \/>\nAlterar \/ corrigir os dados;<br \/>\nApagar todos os dados;<br \/>\nExpressar qualquer preocupa\u00e7\u00e3o que tenha sobre o uso dos seus dados.<\/p>\n<h3>SEGURAN\u00c7A<\/h3>\n<p>Tomamos precau\u00e7\u00f5es para proteger sua informa\u00e7\u00e3o. Quando envia dados confidenciais atrav\u00e9s do site, os mesmos s\u00e3o protegidas online e offline.<\/p>\n<p>Embora usemos criptografia para proteger dados confidenciais transmitidos online, tamb\u00e9m protegemos os seus dados offline. Somente os funcion\u00e1rios que precisam dos seus dados pessoais para realizar um trabalho espec\u00edfico (por exemplo, faturamento ou atendimento ao cliente) t\u00eam acesso aos mesmos. Os computadores \/ servidores nos quais armazenamos dados pessoais s\u00e3o mantidos num ambiente seguro.<\/p>\n<p>Terceiros podem usar cookies, web beacons e outras tecnologias de armazenamento para recolher ou receber informa\u00e7\u00f5es deste site e usar essas informa\u00e7\u00f5es para fornecer servi\u00e7os de medi\u00e7\u00e3o e segmentar an\u00fancios.<\/p>\n<p>Se voc\u00ea acha que n\u00e3o estamos a cumprir esta pol\u00edtica de privacidade, dever\u00e1 contactar-nos imediatamente para info@villapaladina.com.<\/p>\n","protected":false},"excerpt":{"rendered":"<p>Pol\u00edtica de Privacidade Esta p\u00e1gina divulga a pol\u00edtica de privacidade para www.villapaladina.com. Este aviso de privacidade aplica-se apenas aos dados recolhidas por este site. Ele ir\u00e1 inform\u00e1-lo sobre o seguinte: Quais os dados pessoais que s\u00e3o recolhidos atrav\u00e9s do site, como s\u00e3o usados e com quem podem ser partilhados. Como pode gerir os seus dados [&hellip;]<\/p>\n","protected":false},"author":2,"featured_media":0,"parent":0,"menu_order":0,"comment_status":"closed","ping_status":"closed","template":"privacy-policy.php","meta":{"_acf_changed":false,"footnotes":""},"class_list":["post-3820","page","type-page","status-publish","hentry"],"acf":[],"yoast_head":"<!-- This site is optimized with the Yoast SEO plugin v26.4 - https:\/\/yoast.com\/wordpress\/plugins\/seo\/ -->\n<title>Pol\u00edtica de Privacidade - Villa Paladina<\/title>\n<meta name=\"robots\" content=\"index, follow, max-snippet:-1, max-image-preview:large, max-video-preview:-1\" \/>\n<link rel=\"canonical\" href=\"https:\/\/villapaladina.com\/pt-pt\/politica-de-privacidade\/\" \/>\n<meta property=\"og:locale\" content=\"pt_PT\" \/>\n<meta property=\"og:type\" content=\"article\" \/>\n<meta property=\"og:title\" content=\"Pol\u00edtica de Privacidade - Villa Paladina\" \/>\n<meta property=\"og:description\" content=\"Pol\u00edtica de Privacidade Esta p\u00e1gina divulga a pol\u00edtica de privacidade para www.villapaladina.com. Este aviso de privacidade aplica-se apenas aos dados recolhidas por este site. Ele ir\u00e1 inform\u00e1-lo sobre o seguinte: Quais os dados pessoais que s\u00e3o recolhidos atrav\u00e9s do site, como s\u00e3o usados e com quem podem ser partilhados. Como pode gerir os seus dados [&hellip;]\" \/>\n<meta property=\"og:url\" content=\"https:\/\/villapaladina.com\/pt-pt\/politica-de-privacidade\/\" \/>\n<meta property=\"og:site_name\" content=\"Villa Paladina\" \/>\n<meta property=\"article:publisher\" content=\"https:\/\/www.facebook.com\/villapaladina\" \/>\n<meta property=\"article:modified_time\" content=\"2023-04-10T16:18:18+00:00\" \/>\n<meta name=\"twitter:card\" content=\"summary_large_image\" \/>\n<meta name=\"twitter:label1\" content=\"Tempo estimado de leitura\" \/>\n\t<meta name=\"twitter:data1\" content=\"2 minutos\" \/>\n<script type=\"application\/ld+json\" class=\"yoast-schema-graph\">{\"@context\":\"https:\/\/schema.org\",\"@graph\":[{\"@type\":\"WebPage\",\"@id\":\"https:\/\/villapaladina.com\/pt-pt\/politica-de-privacidade\/\",\"url\":\"https:\/\/villapaladina.com\/pt-pt\/politica-de-privacidade\/\",\"name\":\"Pol\u00edtica de Privacidade - Villa Paladina\",\"isPartOf\":{\"@id\":\"https:\/\/villapaladina.com\/#website\"},\"datePublished\":\"2023-04-10T15:56:20+00:00\",\"dateModified\":\"2023-04-10T16:18:18+00:00\",\"breadcrumb\":{\"@id\":\"https:\/\/villapaladina.com\/pt-pt\/politica-de-privacidade\/#breadcrumb\"},\"inLanguage\":\"pt-PT\",\"potentialAction\":[{\"@type\":\"ReadAction\",\"target\":[\"https:\/\/villapaladina.com\/pt-pt\/politica-de-privacidade\/\"]}]},{\"@type\":\"BreadcrumbList\",\"@id\":\"https:\/\/villapaladina.com\/pt-pt\/politica-de-privacidade\/#breadcrumb\",\"itemListElement\":[{\"@type\":\"ListItem\",\"position\":1,\"name\":\"In\u00edcio\",\"item\":\"https:\/\/villapaladina.com\/pt-pt\/\"},{\"@type\":\"ListItem\",\"position\":2,\"name\":\"Pol\u00edtica de Privacidade\"}]},{\"@type\":\"WebSite\",\"@id\":\"https:\/\/villapaladina.com\/#website\",\"url\":\"https:\/\/villapaladina.com\/\",\"name\":\"Villa Paladina\",\"description\":\"\",\"publisher\":{\"@id\":\"https:\/\/villapaladina.com\/#organization\"},\"potentialAction\":[{\"@type\":\"SearchAction\",\"target\":{\"@type\":\"EntryPoint\",\"urlTemplate\":\"https:\/\/villapaladina.com\/?s={search_term_string}\"},\"query-input\":{\"@type\":\"PropertyValueSpecification\",\"valueRequired\":true,\"valueName\":\"search_term_string\"}}],\"inLanguage\":\"pt-PT\"},{\"@type\":\"Organization\",\"@id\":\"https:\/\/villapaladina.com\/#organization\",\"name\":\"Villa Paladina\",\"url\":\"https:\/\/villapaladina.com\/\",\"logo\":{\"@type\":\"ImageObject\",\"inLanguage\":\"pt-PT\",\"@id\":\"https:\/\/villapaladina.com\/#\/schema\/logo\/image\/\",\"url\":\"https:\/\/villapaladina.com\/wp-content\/uploads\/2020\/01\/logo.png\",\"contentUrl\":\"https:\/\/villapaladina.com\/wp-content\/uploads\/2020\/01\/logo.png\",\"width\":200,\"height\":163,\"caption\":\"Villa Paladina\"},\"image\":{\"@id\":\"https:\/\/villapaladina.com\/#\/schema\/logo\/image\/\"},\"sameAs\":[\"https:\/\/www.facebook.com\/villapaladina\",\"https:\/\/www.instagram.com\/villapaladina\/\"]}]}<\/script>\n<!-- \/ Yoast SEO plugin. -->","yoast_head_json":{"title":"Pol\u00edtica de Privacidade - Villa Paladina","robots":{"index":"index","follow":"follow","max-snippet":"max-snippet:-1","max-image-preview":"max-image-preview:large","max-video-preview":"max-video-preview:-1"},"canonical":"https:\/\/villapaladina.com\/pt-pt\/politica-de-privacidade\/","og_locale":"pt_PT","og_type":"article","og_title":"Pol\u00edtica de Privacidade - Villa Paladina","og_description":"Pol\u00edtica de Privacidade Esta p\u00e1gina divulga a pol\u00edtica de privacidade para www.villapaladina.com. Este aviso de privacidade aplica-se apenas aos dados recolhidas por este site. Ele ir\u00e1 inform\u00e1-lo sobre o seguinte: Quais os dados pessoais que s\u00e3o recolhidos atrav\u00e9s do site, como s\u00e3o usados e com quem podem ser partilhados. Como pode gerir os seus dados [&hellip;]","og_url":"https:\/\/villapaladina.com\/pt-pt\/politica-de-privacidade\/","og_site_name":"Villa Paladina","article_publisher":"https:\/\/www.facebook.com\/villapaladina","article_modified_time":"2023-04-10T16:18:18+00:00","twitter_card":"summary_large_image","twitter_misc":{"Tempo estimado de leitura":"2 minutos"},"schema":{"@context":"https:\/\/schema.org","@graph":[{"@type":"WebPage","@id":"https:\/\/villapaladina.com\/pt-pt\/politica-de-privacidade\/","url":"https:\/\/villapaladina.com\/pt-pt\/politica-de-privacidade\/","name":"Pol\u00edtica de Privacidade - Villa Paladina","isPartOf":{"@id":"https:\/\/villapaladina.com\/#website"},"datePublished":"2023-04-10T15:56:20+00:00","dateModified":"2023-04-10T16:18:18+00:00","breadcrumb":{"@id":"https:\/\/villapaladina.com\/pt-pt\/politica-de-privacidade\/#breadcrumb"},"inLanguage":"pt-PT","potentialAction":[{"@type":"ReadAction","target":["https:\/\/villapaladina.com\/pt-pt\/politica-de-privacidade\/"]}]},{"@type":"BreadcrumbList","@id":"https:\/\/villapaladina.com\/pt-pt\/politica-de-privacidade\/#breadcrumb","itemListElement":[{"@type":"ListItem","position":1,"name":"In\u00edcio","item":"https:\/\/villapaladina.com\/pt-pt\/"},{"@type":"ListItem","position":2,"name":"Pol\u00edtica de Privacidade"}]},{"@type":"WebSite","@id":"https:\/\/villapaladina.com\/#website","url":"https:\/\/villapaladina.com\/","name":"Villa Paladina","description":"","publisher":{"@id":"https:\/\/villapaladina.com\/#organization"},"potentialAction":[{"@type":"SearchAction","target":{"@type":"EntryPoint","urlTemplate":"https:\/\/villapaladina.com\/?s={search_term_string}"},"query-input":{"@type":"PropertyValueSpecification","valueRequired":true,"valueName":"search_term_string"}}],"inLanguage":"pt-PT"},{"@type":"Organization","@id":"https:\/\/villapaladina.com\/#organization","name":"Villa Paladina","url":"https:\/\/villapaladina.com\/","logo":{"@type":"ImageObject","inLanguage":"pt-PT","@id":"https:\/\/villapaladina.com\/#\/schema\/logo\/image\/","url":"https:\/\/villapaladina.com\/wp-content\/uploads\/2020\/01\/logo.png","contentUrl":"https:\/\/villapaladina.com\/wp-content\/uploads\/2020\/01\/logo.png","width":200,"height":163,"caption":"Villa Paladina"},"image":{"@id":"https:\/\/villapaladina.com\/#\/schema\/logo\/image\/"},"sameAs":["https:\/\/www.facebook.com\/villapaladina","https:\/\/www.instagram.com\/villapaladina\/"]}]}},"_links":{"self":[{"href":"https:\/\/villapaladina.com\/pt-pt\/wp-json\/wp\/v2\/pages\/3820","targetHints":{"allow":["GET"]}}],"collection":[{"href":"https:\/\/villapaladina.com\/pt-pt\/wp-json\/wp\/v2\/pages"}],"about":[{"href":"https:\/\/villapaladina.com\/pt-pt\/wp-json\/wp\/v2\/types\/page"}],"author":[{"embeddable":true,"href":"https:\/\/villapaladina.com\/pt-pt\/wp-json\/wp\/v2\/users\/2"}],"replies":[{"embeddable":true,"href":"https:\/\/villapaladina.com\/pt-pt\/wp-json\/wp\/v2\/comments?post=3820"}],"version-history":[{"count":0,"href":"https:\/\/villapaladina.com\/pt-pt\/wp-json\/wp\/v2\/pages\/3820\/revisions"}],"wp:attachment":[{"href":"https:\/\/villapaladina.com\/pt-pt\/wp-json\/wp\/v2\/media?parent=3820"}],"curies":[{"name":"wp","href":"https:\/\/api.w.org\/{rel}","templated":true}]}}