{"id":3322,"date":"2020-01-23T10:28:01","date_gmt":"2020-01-23T10:28:01","guid":{"rendered":"https:\/\/villapaladina.com\/villa\/"},"modified":"2023-04-11T13:32:39","modified_gmt":"2023-04-11T13:32:39","slug":"villa","status":"publish","type":"page","link":"https:\/\/villapaladina.com\/pt-pt\/villa\/","title":{"rendered":"VILLA"},"content":{"rendered":"<p><strong>Bem-vindo \u00e0 Villa Paladina, um alojamento boutique exclusivo onde se sentir\u00e1 em casa.<\/strong><br \/>\nVilla Paladina tem apenas 6 quartos dispon\u00edveis, garantindo assim a paz absoluta para que possa desfrutar da sua estadia e de tudo o que temos para lhe oferecer.<br \/>\nAo chegar aqui, ter\u00e1 a oportunidade de mergulhar numa paisagem de cortar a respira\u00e7\u00e3o, onde a pac\u00edfica Lagoa de \u00d3bidos encontra o poderoso Oceano Atl\u00e2ntico. O horizonte reserva muitas surpresas, at\u00e9 voc\u00ea pode vislumbrar as ilhas do Arquip\u00e9lago das Berlengas ao largo da costa de Peniche, entre outras d\u00e1divas surpreendentes da natureza.<br \/>\nRodeado de hist\u00f3ria com o castelo de \u00d3bidos mesmo ao lado ou o mais antigo hospital termal do mundo, em Caldas da Rainha, praias incr\u00edveis a perder de vista, vales e colinas onde a natureza parece ter feito um pacto com aqueles que procuram viver intensamente todos os dias, gastronomia e vinhos locais de reputa\u00e7\u00e3o mundial, venha ver porque a Villa Paladina, \u00e9 sem d\u00favida um dos melhores lugares do nosso pa\u00eds para as suas f\u00e9rias. Actividades sem fim, desde desportos aqu\u00e1ticos ao golfe em alguns dos campos mais premiados da Europa, s\u00e3o a garantia de momentos bem passados, qualquer que seja a empresa.<br \/>\nVenha passar uma temporada connosco e apaixone-se pela regi\u00e3o Oeste.<\/p>\n","protected":false},"excerpt":{"rendered":"<p>Bem-vindo \u00e0 Villa Paladina, um alojamento boutique exclusivo onde se sentir\u00e1 em casa. Villa Paladina tem apenas 6 quartos dispon\u00edveis, garantindo assim a paz absoluta para que possa desfrutar da sua estadia e de tudo o que temos para lhe oferecer. Ao chegar aqui, ter\u00e1 a oportunidade de mergulhar numa paisagem de cortar a respira\u00e7\u00e3o, [&hellip;]<\/p>\n","protected":false},"author":2,"featured_media":0,"parent":0,"menu_order":0,"comment_status":"closed","ping_status":"closed","template":"villa.php","meta":{"_acf_changed":false,"footnotes":""},"class_list":["post-3322","page","type-page","status-publish","hentry"],"acf":[],"yoast_head":"<!-- This site is optimized with the Yoast SEO plugin v26.4 - https:\/\/yoast.com\/wordpress\/plugins\/seo\/ -->\n<title>VILLA - Villa Paladina<\/title>\n<meta name=\"robots\" content=\"index, follow, max-snippet:-1, max-image-preview:large, max-video-preview:-1\" \/>\n<link rel=\"canonical\" href=\"https:\/\/villapaladina.com\/pt-pt\/villa\/\" \/>\n<meta property=\"og:locale\" content=\"pt_PT\" \/>\n<meta property=\"og:type\" content=\"article\" \/>\n<meta property=\"og:title\" content=\"VILLA - Villa Paladina\" \/>\n<meta property=\"og:description\" content=\"Bem-vindo \u00e0 Villa Paladina, um alojamento boutique exclusivo onde se sentir\u00e1 em casa. Villa Paladina tem apenas 6 quartos dispon\u00edveis, garantindo assim a paz absoluta para que possa desfrutar da sua estadia e de tudo o que temos para lhe oferecer. Ao chegar aqui, ter\u00e1 a oportunidade de mergulhar numa paisagem de cortar a respira\u00e7\u00e3o, [&hellip;]\" \/>\n<meta property=\"og:url\" content=\"https:\/\/villapaladina.com\/pt-pt\/villa\/\" \/>\n<meta property=\"og:site_name\" content=\"Villa Paladina\" \/>\n<meta property=\"article:publisher\" content=\"https:\/\/www.facebook.com\/villapaladina\" \/>\n<meta property=\"article:modified_time\" content=\"2023-04-11T13:32:39+00:00\" \/>\n<meta name=\"twitter:card\" content=\"summary_large_image\" \/>\n<meta name=\"twitter:label1\" content=\"Tempo estimado de leitura\" \/>\n\t<meta name=\"twitter:data1\" content=\"1 minuto\" \/>\n<script type=\"application\/ld+json\" class=\"yoast-schema-graph\">{\"@context\":\"https:\/\/schema.org\",\"@graph\":[{\"@type\":\"WebPage\",\"@id\":\"https:\/\/villapaladina.com\/pt-pt\/villa\/\",\"url\":\"https:\/\/villapaladina.com\/pt-pt\/villa\/\",\"name\":\"VILLA - Villa Paladina\",\"isPartOf\":{\"@id\":\"https:\/\/villapaladina.com\/#website\"},\"datePublished\":\"2020-01-23T10:28:01+00:00\",\"dateModified\":\"2023-04-11T13:32:39+00:00\",\"breadcrumb\":{\"@id\":\"https:\/\/villapaladina.com\/pt-pt\/villa\/#breadcrumb\"},\"inLanguage\":\"pt-PT\",\"potentialAction\":[{\"@type\":\"ReadAction\",\"target\":[\"https:\/\/villapaladina.com\/pt-pt\/villa\/\"]}]},{\"@type\":\"BreadcrumbList\",\"@id\":\"https:\/\/villapaladina.com\/pt-pt\/villa\/#breadcrumb\",\"itemListElement\":[{\"@type\":\"ListItem\",\"position\":1,\"name\":\"In\u00edcio\",\"item\":\"https:\/\/villapaladina.com\/pt-pt\/\"},{\"@type\":\"ListItem\",\"position\":2,\"name\":\"VILLA\"}]},{\"@type\":\"WebSite\",\"@id\":\"https:\/\/villapaladina.com\/#website\",\"url\":\"https:\/\/villapaladina.com\/\",\"name\":\"Villa Paladina\",\"description\":\"\",\"publisher\":{\"@id\":\"https:\/\/villapaladina.com\/#organization\"},\"potentialAction\":[{\"@type\":\"SearchAction\",\"target\":{\"@type\":\"EntryPoint\",\"urlTemplate\":\"https:\/\/villapaladina.com\/?s={search_term_string}\"},\"query-input\":{\"@type\":\"PropertyValueSpecification\",\"valueRequired\":true,\"valueName\":\"search_term_string\"}}],\"inLanguage\":\"pt-PT\"},{\"@type\":\"Organization\",\"@id\":\"https:\/\/villapaladina.com\/#organization\",\"name\":\"Villa Paladina\",\"url\":\"https:\/\/villapaladina.com\/\",\"logo\":{\"@type\":\"ImageObject\",\"inLanguage\":\"pt-PT\",\"@id\":\"https:\/\/villapaladina.com\/#\/schema\/logo\/image\/\",\"url\":\"https:\/\/villapaladina.com\/wp-content\/uploads\/2020\/01\/logo.png\",\"contentUrl\":\"https:\/\/villapaladina.com\/wp-content\/uploads\/2020\/01\/logo.png\",\"width\":200,\"height\":163,\"caption\":\"Villa Paladina\"},\"image\":{\"@id\":\"https:\/\/villapaladina.com\/#\/schema\/logo\/image\/\"},\"sameAs\":[\"https:\/\/www.facebook.com\/villapaladina\",\"https:\/\/www.instagram.com\/villapaladina\/\"]}]}<\/script>\n<!-- \/ Yoast SEO plugin. -->","yoast_head_json":{"title":"VILLA - Villa Paladina","robots":{"index":"index","follow":"follow","max-snippet":"max-snippet:-1","max-image-preview":"max-image-preview:large","max-video-preview":"max-video-preview:-1"},"canonical":"https:\/\/villapaladina.com\/pt-pt\/villa\/","og_locale":"pt_PT","og_type":"article","og_title":"VILLA - Villa Paladina","og_description":"Bem-vindo \u00e0 Villa Paladina, um alojamento boutique exclusivo onde se sentir\u00e1 em casa. Villa Paladina tem apenas 6 quartos dispon\u00edveis, garantindo assim a paz absoluta para que possa desfrutar da sua estadia e de tudo o que temos para lhe oferecer. Ao chegar aqui, ter\u00e1 a oportunidade de mergulhar numa paisagem de cortar a respira\u00e7\u00e3o, [&hellip;]","og_url":"https:\/\/villapaladina.com\/pt-pt\/villa\/","og_site_name":"Villa Paladina","article_publisher":"https:\/\/www.facebook.com\/villapaladina","article_modified_time":"2023-04-11T13:32:39+00:00","twitter_card":"summary_large_image","twitter_misc":{"Tempo estimado de leitura":"1 minuto"},"schema":{"@context":"https:\/\/schema.org","@graph":[{"@type":"WebPage","@id":"https:\/\/villapaladina.com\/pt-pt\/villa\/","url":"https:\/\/villapaladina.com\/pt-pt\/villa\/","name":"VILLA - Villa Paladina","isPartOf":{"@id":"https:\/\/villapaladina.com\/#website"},"datePublished":"2020-01-23T10:28:01+00:00","dateModified":"2023-04-11T13:32:39+00:00","breadcrumb":{"@id":"https:\/\/villapaladina.com\/pt-pt\/villa\/#breadcrumb"},"inLanguage":"pt-PT","potentialAction":[{"@type":"ReadAction","target":["https:\/\/villapaladina.com\/pt-pt\/villa\/"]}]},{"@type":"BreadcrumbList","@id":"https:\/\/villapaladina.com\/pt-pt\/villa\/#breadcrumb","itemListElement":[{"@type":"ListItem","position":1,"name":"In\u00edcio","item":"https:\/\/villapaladina.com\/pt-pt\/"},{"@type":"ListItem","position":2,"name":"VILLA"}]},{"@type":"WebSite","@id":"https:\/\/villapaladina.com\/#website","url":"https:\/\/villapaladina.com\/","name":"Villa Paladina","description":"","publisher":{"@id":"https:\/\/villapaladina.com\/#organization"},"potentialAction":[{"@type":"SearchAction","target":{"@type":"EntryPoint","urlTemplate":"https:\/\/villapaladina.com\/?s={search_term_string}"},"query-input":{"@type":"PropertyValueSpecification","valueRequired":true,"valueName":"search_term_string"}}],"inLanguage":"pt-PT"},{"@type":"Organization","@id":"https:\/\/villapaladina.com\/#organization","name":"Villa Paladina","url":"https:\/\/villapaladina.com\/","logo":{"@type":"ImageObject","inLanguage":"pt-PT","@id":"https:\/\/villapaladina.com\/#\/schema\/logo\/image\/","url":"https:\/\/villapaladina.com\/wp-content\/uploads\/2020\/01\/logo.png","contentUrl":"https:\/\/villapaladina.com\/wp-content\/uploads\/2020\/01\/logo.png","width":200,"height":163,"caption":"Villa Paladina"},"image":{"@id":"https:\/\/villapaladina.com\/#\/schema\/logo\/image\/"},"sameAs":["https:\/\/www.facebook.com\/villapaladina","https:\/\/www.instagram.com\/villapaladina\/"]}]}},"_links":{"self":[{"href":"https:\/\/villapaladina.com\/pt-pt\/wp-json\/wp\/v2\/pages\/3322","targetHints":{"allow":["GET"]}}],"collection":[{"href":"https:\/\/villapaladina.com\/pt-pt\/wp-json\/wp\/v2\/pages"}],"about":[{"href":"https:\/\/villapaladina.com\/pt-pt\/wp-json\/wp\/v2\/types\/page"}],"author":[{"embeddable":true,"href":"https:\/\/villapaladina.com\/pt-pt\/wp-json\/wp\/v2\/users\/2"}],"replies":[{"embeddable":true,"href":"https:\/\/villapaladina.com\/pt-pt\/wp-json\/wp\/v2\/comments?post=3322"}],"version-history":[{"count":0,"href":"https:\/\/villapaladina.com\/pt-pt\/wp-json\/wp\/v2\/pages\/3322\/revisions"}],"wp:attachment":[{"href":"https:\/\/villapaladina.com\/pt-pt\/wp-json\/wp\/v2\/media?parent=3322"}],"curies":[{"name":"wp","href":"https:\/\/api.w.org\/{rel}","templated":true}]}}