{"id":3262,"date":"2020-01-22T11:22:05","date_gmt":"2020-01-22T11:22:05","guid":{"rendered":"https:\/\/villapaladina.com\/inicio\/"},"modified":"2025-01-31T16:54:25","modified_gmt":"2025-01-31T16:54:25","slug":"inicio","status":"publish","type":"page","link":"https:\/\/villapaladina.com\/pt-pt\/","title":{"rendered":"Inicio"},"content":{"rendered":"<h3 style=\"font-family: 'Libre Baskerville', serif; color: #2c5b87; font-size: 25px;\">Bem-vindo \u00e0 Villa Paladina, um alojamento boutique exclusivo onde se sentir\u00e1 em casa.<\/h3>\n<p>A Villa Paladina tem apenas 6 quartos dispon\u00edveis, garantindo assim a paz absoluta para que possa desfrutar da sua estadia e de tudo o que temos para lhe oferecer. Ao chegar aqui, ter\u00e1 a oportunidade de mergulhar numa paisagem de cortar a respira\u00e7\u00e3o, onde a pac\u00edfica Lagoa de \u00d3bidos encontra o poderoso Oceano Atl\u00e2ntico.<br \/>\nO horizonte reserva muitas surpresas, at\u00e9 pode vislumbrar as ilhas do Arquip\u00e9lago das Berlengas ao largo da costa de Peniche, entre outras d\u00e1divas surpreendentes da natureza.<\/p>\n","protected":false},"excerpt":{"rendered":"<p>Bem-vindo \u00e0 Villa Paladina, um alojamento boutique exclusivo onde se sentir\u00e1 em casa. A Villa Paladina tem apenas 6 quartos dispon\u00edveis, garantindo assim a paz absoluta para que possa desfrutar da sua estadia e de tudo o que temos para lhe oferecer. Ao chegar aqui, ter\u00e1 a oportunidade de mergulhar numa paisagem de cortar a [&hellip;]<\/p>\n","protected":false},"author":2,"featured_media":0,"parent":0,"menu_order":0,"comment_status":"closed","ping_status":"closed","template":"index.php","meta":{"_acf_changed":false,"footnotes":""},"class_list":["post-3262","page","type-page","status-publish","hentry"],"acf":[],"yoast_head":"<!-- This site is optimized with the Yoast SEO plugin v26.4 - https:\/\/yoast.com\/wordpress\/plugins\/seo\/ -->\n<title>Villa Paladina - Alojamento, Mar e Golfe<\/title>\n<meta name=\"description\" content=\"Villa Paladina, um alojamento boutique exclusivo onde se sentir\u00e1 em casa. Apenas 6 quartos dispon\u00edveis.Foz do Arelho, \u00d3bidos - Portugal\" \/>\n<meta name=\"robots\" content=\"index, follow, max-snippet:-1, max-image-preview:large, max-video-preview:-1\" \/>\n<link rel=\"canonical\" href=\"https:\/\/villapaladina.com\/pt-pt\/\" \/>\n<meta property=\"og:locale\" content=\"pt_PT\" \/>\n<meta property=\"og:type\" content=\"article\" \/>\n<meta property=\"og:title\" content=\"Villa Paladina - Alojamento, Mar e Golfe\" \/>\n<meta property=\"og:description\" content=\"Villa Paladina, um alojamento boutique exclusivo onde se sentir\u00e1 em casa. Apenas 6 quartos dispon\u00edveis.Foz do Arelho, \u00d3bidos - Portugal\" \/>\n<meta property=\"og:url\" content=\"https:\/\/villapaladina.com\/pt-pt\/\" \/>\n<meta property=\"og:site_name\" content=\"Villa Paladina\" \/>\n<meta property=\"article:publisher\" content=\"https:\/\/www.facebook.com\/villapaladina\" \/>\n<meta property=\"article:modified_time\" content=\"2025-01-31T16:54:25+00:00\" \/>\n<meta name=\"twitter:card\" content=\"summary_large_image\" \/>\n<meta name=\"twitter:label1\" content=\"Tempo estimado de leitura\" \/>\n\t<meta name=\"twitter:data1\" content=\"1 minuto\" \/>\n<script type=\"application\/ld+json\" class=\"yoast-schema-graph\">{\"@context\":\"https:\/\/schema.org\",\"@graph\":[{\"@type\":\"WebPage\",\"@id\":\"https:\/\/villapaladina.com\/pt-pt\/\",\"url\":\"https:\/\/villapaladina.com\/pt-pt\/\",\"name\":\"Villa Paladina - Alojamento, Mar e Golfe\",\"isPartOf\":{\"@id\":\"https:\/\/villapaladina.com\/#website\"},\"datePublished\":\"2020-01-22T11:22:05+00:00\",\"dateModified\":\"2025-01-31T16:54:25+00:00\",\"description\":\"Villa Paladina, um alojamento boutique exclusivo onde se sentir\u00e1 em casa. Apenas 6 quartos dispon\u00edveis.Foz do Arelho, \u00d3bidos - Portugal\",\"breadcrumb\":{\"@id\":\"https:\/\/villapaladina.com\/pt-pt\/#breadcrumb\"},\"inLanguage\":\"pt-PT\",\"potentialAction\":[{\"@type\":\"ReadAction\",\"target\":[\"https:\/\/villapaladina.com\/pt-pt\/\"]}]},{\"@type\":\"BreadcrumbList\",\"@id\":\"https:\/\/villapaladina.com\/pt-pt\/#breadcrumb\",\"itemListElement\":[{\"@type\":\"ListItem\",\"position\":1,\"name\":\"In\u00edcio\",\"item\":\"https:\/\/villapaladina.com\/pt-pt\/\"},{\"@type\":\"ListItem\",\"position\":2,\"name\":\"Inicio\"}]},{\"@type\":\"WebSite\",\"@id\":\"https:\/\/villapaladina.com\/#website\",\"url\":\"https:\/\/villapaladina.com\/\",\"name\":\"Villa Paladina\",\"description\":\"\",\"publisher\":{\"@id\":\"https:\/\/villapaladina.com\/#organization\"},\"potentialAction\":[{\"@type\":\"SearchAction\",\"target\":{\"@type\":\"EntryPoint\",\"urlTemplate\":\"https:\/\/villapaladina.com\/?s={search_term_string}\"},\"query-input\":{\"@type\":\"PropertyValueSpecification\",\"valueRequired\":true,\"valueName\":\"search_term_string\"}}],\"inLanguage\":\"pt-PT\"},{\"@type\":\"Organization\",\"@id\":\"https:\/\/villapaladina.com\/#organization\",\"name\":\"Villa Paladina\",\"url\":\"https:\/\/villapaladina.com\/\",\"logo\":{\"@type\":\"ImageObject\",\"inLanguage\":\"pt-PT\",\"@id\":\"https:\/\/villapaladina.com\/#\/schema\/logo\/image\/\",\"url\":\"https:\/\/villapaladina.com\/wp-content\/uploads\/2020\/01\/logo.png\",\"contentUrl\":\"https:\/\/villapaladina.com\/wp-content\/uploads\/2020\/01\/logo.png\",\"width\":200,\"height\":163,\"caption\":\"Villa Paladina\"},\"image\":{\"@id\":\"https:\/\/villapaladina.com\/#\/schema\/logo\/image\/\"},\"sameAs\":[\"https:\/\/www.facebook.com\/villapaladina\",\"https:\/\/www.instagram.com\/villapaladina\/\"]}]}<\/script>\n<!-- \/ Yoast SEO plugin. -->","yoast_head_json":{"title":"Villa Paladina - Alojamento, Mar e Golfe","description":"Villa Paladina, um alojamento boutique exclusivo onde se sentir\u00e1 em casa. Apenas 6 quartos dispon\u00edveis.Foz do Arelho, \u00d3bidos - Portugal","robots":{"index":"index","follow":"follow","max-snippet":"max-snippet:-1","max-image-preview":"max-image-preview:large","max-video-preview":"max-video-preview:-1"},"canonical":"https:\/\/villapaladina.com\/pt-pt\/","og_locale":"pt_PT","og_type":"article","og_title":"Villa Paladina - Alojamento, Mar e Golfe","og_description":"Villa Paladina, um alojamento boutique exclusivo onde se sentir\u00e1 em casa. Apenas 6 quartos dispon\u00edveis.Foz do Arelho, \u00d3bidos - Portugal","og_url":"https:\/\/villapaladina.com\/pt-pt\/","og_site_name":"Villa Paladina","article_publisher":"https:\/\/www.facebook.com\/villapaladina","article_modified_time":"2025-01-31T16:54:25+00:00","twitter_card":"summary_large_image","twitter_misc":{"Tempo estimado de leitura":"1 minuto"},"schema":{"@context":"https:\/\/schema.org","@graph":[{"@type":"WebPage","@id":"https:\/\/villapaladina.com\/pt-pt\/","url":"https:\/\/villapaladina.com\/pt-pt\/","name":"Villa Paladina - Alojamento, Mar e Golfe","isPartOf":{"@id":"https:\/\/villapaladina.com\/#website"},"datePublished":"2020-01-22T11:22:05+00:00","dateModified":"2025-01-31T16:54:25+00:00","description":"Villa Paladina, um alojamento boutique exclusivo onde se sentir\u00e1 em casa. Apenas 6 quartos dispon\u00edveis.Foz do Arelho, \u00d3bidos - Portugal","breadcrumb":{"@id":"https:\/\/villapaladina.com\/pt-pt\/#breadcrumb"},"inLanguage":"pt-PT","potentialAction":[{"@type":"ReadAction","target":["https:\/\/villapaladina.com\/pt-pt\/"]}]},{"@type":"BreadcrumbList","@id":"https:\/\/villapaladina.com\/pt-pt\/#breadcrumb","itemListElement":[{"@type":"ListItem","position":1,"name":"In\u00edcio","item":"https:\/\/villapaladina.com\/pt-pt\/"},{"@type":"ListItem","position":2,"name":"Inicio"}]},{"@type":"WebSite","@id":"https:\/\/villapaladina.com\/#website","url":"https:\/\/villapaladina.com\/","name":"Villa Paladina","description":"","publisher":{"@id":"https:\/\/villapaladina.com\/#organization"},"potentialAction":[{"@type":"SearchAction","target":{"@type":"EntryPoint","urlTemplate":"https:\/\/villapaladina.com\/?s={search_term_string}"},"query-input":{"@type":"PropertyValueSpecification","valueRequired":true,"valueName":"search_term_string"}}],"inLanguage":"pt-PT"},{"@type":"Organization","@id":"https:\/\/villapaladina.com\/#organization","name":"Villa Paladina","url":"https:\/\/villapaladina.com\/","logo":{"@type":"ImageObject","inLanguage":"pt-PT","@id":"https:\/\/villapaladina.com\/#\/schema\/logo\/image\/","url":"https:\/\/villapaladina.com\/wp-content\/uploads\/2020\/01\/logo.png","contentUrl":"https:\/\/villapaladina.com\/wp-content\/uploads\/2020\/01\/logo.png","width":200,"height":163,"caption":"Villa Paladina"},"image":{"@id":"https:\/\/villapaladina.com\/#\/schema\/logo\/image\/"},"sameAs":["https:\/\/www.facebook.com\/villapaladina","https:\/\/www.instagram.com\/villapaladina\/"]}]}},"_links":{"self":[{"href":"https:\/\/villapaladina.com\/pt-pt\/wp-json\/wp\/v2\/pages\/3262","targetHints":{"allow":["GET"]}}],"collection":[{"href":"https:\/\/villapaladina.com\/pt-pt\/wp-json\/wp\/v2\/pages"}],"about":[{"href":"https:\/\/villapaladina.com\/pt-pt\/wp-json\/wp\/v2\/types\/page"}],"author":[{"embeddable":true,"href":"https:\/\/villapaladina.com\/pt-pt\/wp-json\/wp\/v2\/users\/2"}],"replies":[{"embeddable":true,"href":"https:\/\/villapaladina.com\/pt-pt\/wp-json\/wp\/v2\/comments?post=3262"}],"version-history":[{"count":0,"href":"https:\/\/villapaladina.com\/pt-pt\/wp-json\/wp\/v2\/pages\/3262\/revisions"}],"wp:attachment":[{"href":"https:\/\/villapaladina.com\/pt-pt\/wp-json\/wp\/v2\/media?parent=3262"}],"curies":[{"name":"wp","href":"https:\/\/api.w.org\/{rel}","templated":true}]}}