{"id":3822,"date":"2023-03-31T18:50:26","date_gmt":"2023-03-31T18:50:26","guid":{"rendered":"https:\/\/villapaladina.com\/conditions-services\/"},"modified":"2023-04-10T16:05:40","modified_gmt":"2023-04-10T16:05:40","slug":"conditions-services","status":"publish","type":"page","link":"https:\/\/villapaladina.com\/fr\/conditions-services\/","title":{"rendered":"Conditions et services"},"content":{"rendered":"<h1>Conditions et services<\/h1>\n<h3>CHAMBRES<\/h3>\n<p>Les chambres de la Villa Paladina sont \u00e0 th\u00e8me et chacune repr\u00e9sente une facette de Praia Foz do Arelho : les bateaux dans la lagune, les dunes, les falaises, les coquillages, les mouettes et la baleine imaginaire qui habite l&rsquo;horizon atlantique. Chaque chambre est \u00e9quip\u00e9e de tout le confort et offre une vue panoramique sur l&rsquo;ensemble de la lagune, les pentes et l&rsquo;oc\u00e9an.<\/p>\n<p><strong>D\u00e9part : de 7 h \u00e0 11 h \/ Arriv\u00e9e : de 15 h \u00e0 20 h.<\/strong><\/p>\n<p>Si vous arrivez avant 15 heures, vous pouvez laisser vos bagages \u00e0 la r\u00e9ception.<\/p>\n<h3><strong>Petit d\u00e9jeuner inclus : <\/strong><\/h3>\n<p>De 7h30 \u00e0 11h<\/p>\n<p><strong>WIFI gratuit<\/strong><\/p>\n<p><strong>Emplacement : 3 \u00e9tages &#8211; \u00c9tages -1, 0 et 1<\/strong><\/p>\n<p><strong>Etage -1 : Parking, salle de massage et salle de conf\u00e9rence<\/strong><\/p>\n<p><strong>Etage 0 : R\u00e9ception, cuisine, chambres<\/strong><\/p>\n<p><strong>Etage 1 : Chambres<\/strong><\/p>\n<p>&nbsp;<\/p>\n<p><strong>Terrasse fleurie et balcon<br \/>\n<\/strong><\/p>\n<p><strong>Vo\u00fbte<\/strong><\/p>\n<p><strong>Piscine ext\u00e9rieure<\/strong><\/p>\n<p><strong>Salle de massage<\/strong><\/p>\n<p>&nbsp;<\/p>\n<p><strong>Politique d&rsquo;annulation :<\/strong><\/p>\n<p>En cas d&rsquo;annulation jusqu&rsquo;\u00e0 3 jours avant l&rsquo;arriv\u00e9e, l&rsquo;h\u00f4tel ne pr\u00e9l\u00e8ve pas de frais sur la carte de cr\u00e9dit fournie.<\/p>\n<p>En cas de non-pr\u00e9sentation, l&rsquo;h\u00f4tel pr\u00e9l\u00e8ve, sur la carte de cr\u00e9dit fournie, le montant total de la r\u00e9servation.<\/p>\n<p><strong>Stationnement :<\/strong><\/p>\n<p>Le parking est gratuit et disponible \u00e0 la Villa.<\/p>\n<p>&nbsp;<\/p>\n<p><strong>Animaux de compagnie :<\/strong><\/p>\n<p>Les animaux domestiques ne sont pas autoris\u00e9s.<\/p>\n<p>&nbsp;<\/p>\n<p><strong>Zone fumeurs :<\/strong><\/p>\n<p>Il est interdit de fumer dans tous les espaces int\u00e9rieurs de la propri\u00e9t\u00e9.<\/p>\n<p>&nbsp;<\/p>\n","protected":false},"excerpt":{"rendered":"<p>Conditions et services CHAMBRES Les chambres de la Villa Paladina sont \u00e0 th\u00e8me et chacune repr\u00e9sente une facette de Praia Foz do Arelho : les bateaux dans la lagune, les dunes, les falaises, les coquillages, les mouettes et la baleine imaginaire qui habite l&rsquo;horizon atlantique. Chaque chambre est \u00e9quip\u00e9e de tout le confort et offre [&hellip;]<\/p>\n","protected":false},"author":2,"featured_media":0,"parent":0,"menu_order":0,"comment_status":"closed","ping_status":"closed","template":"terms-and-conditions.php","meta":{"_acf_changed":false,"footnotes":""},"class_list":["post-3822","page","type-page","status-publish","hentry"],"acf":[],"yoast_head":"<!-- This site is optimized with the Yoast SEO plugin v26.4 - https:\/\/yoast.com\/wordpress\/plugins\/seo\/ -->\n<title>Conditions et services - Villa Paladina<\/title>\n<meta name=\"robots\" content=\"index, follow, max-snippet:-1, max-image-preview:large, max-video-preview:-1\" \/>\n<link rel=\"canonical\" href=\"https:\/\/villapaladina.com\/fr\/conditions-services\/\" \/>\n<meta property=\"og:locale\" content=\"fr_FR\" \/>\n<meta property=\"og:type\" content=\"article\" \/>\n<meta property=\"og:title\" content=\"Conditions et services - Villa Paladina\" \/>\n<meta property=\"og:description\" content=\"Conditions et services CHAMBRES Les chambres de la Villa Paladina sont \u00e0 th\u00e8me et chacune repr\u00e9sente une facette de Praia Foz do Arelho : les bateaux dans la lagune, les dunes, les falaises, les coquillages, les mouettes et la baleine imaginaire qui habite l&rsquo;horizon atlantique. Chaque chambre est \u00e9quip\u00e9e de tout le confort et offre [&hellip;]\" \/>\n<meta property=\"og:url\" content=\"https:\/\/villapaladina.com\/fr\/conditions-services\/\" \/>\n<meta property=\"og:site_name\" content=\"Villa Paladina\" \/>\n<meta property=\"article:publisher\" content=\"https:\/\/www.facebook.com\/villapaladina\" \/>\n<meta property=\"article:modified_time\" content=\"2023-04-10T16:05:40+00:00\" \/>\n<meta name=\"twitter:card\" content=\"summary_large_image\" \/>\n<meta name=\"twitter:label1\" content=\"Dur\u00e9e de lecture estim\u00e9e\" \/>\n\t<meta name=\"twitter:data1\" content=\"1 minute\" \/>\n<script type=\"application\/ld+json\" class=\"yoast-schema-graph\">{\"@context\":\"https:\/\/schema.org\",\"@graph\":[{\"@type\":\"WebPage\",\"@id\":\"https:\/\/villapaladina.com\/fr\/conditions-services\/\",\"url\":\"https:\/\/villapaladina.com\/fr\/conditions-services\/\",\"name\":\"Conditions et services - Villa Paladina\",\"isPartOf\":{\"@id\":\"https:\/\/villapaladina.com\/#website\"},\"datePublished\":\"2023-03-31T18:50:26+00:00\",\"dateModified\":\"2023-04-10T16:05:40+00:00\",\"breadcrumb\":{\"@id\":\"https:\/\/villapaladina.com\/fr\/conditions-services\/#breadcrumb\"},\"inLanguage\":\"fr-FR\",\"potentialAction\":[{\"@type\":\"ReadAction\",\"target\":[\"https:\/\/villapaladina.com\/fr\/conditions-services\/\"]}]},{\"@type\":\"BreadcrumbList\",\"@id\":\"https:\/\/villapaladina.com\/fr\/conditions-services\/#breadcrumb\",\"itemListElement\":[{\"@type\":\"ListItem\",\"position\":1,\"name\":\"In\u00edcio\",\"item\":\"https:\/\/villapaladina.com\/fr\/\"},{\"@type\":\"ListItem\",\"position\":2,\"name\":\"Conditions et services\"}]},{\"@type\":\"WebSite\",\"@id\":\"https:\/\/villapaladina.com\/#website\",\"url\":\"https:\/\/villapaladina.com\/\",\"name\":\"Villa Paladina\",\"description\":\"\",\"publisher\":{\"@id\":\"https:\/\/villapaladina.com\/#organization\"},\"potentialAction\":[{\"@type\":\"SearchAction\",\"target\":{\"@type\":\"EntryPoint\",\"urlTemplate\":\"https:\/\/villapaladina.com\/?s={search_term_string}\"},\"query-input\":{\"@type\":\"PropertyValueSpecification\",\"valueRequired\":true,\"valueName\":\"search_term_string\"}}],\"inLanguage\":\"fr-FR\"},{\"@type\":\"Organization\",\"@id\":\"https:\/\/villapaladina.com\/#organization\",\"name\":\"Villa Paladina\",\"url\":\"https:\/\/villapaladina.com\/\",\"logo\":{\"@type\":\"ImageObject\",\"inLanguage\":\"fr-FR\",\"@id\":\"https:\/\/villapaladina.com\/#\/schema\/logo\/image\/\",\"url\":\"https:\/\/villapaladina.com\/wp-content\/uploads\/2020\/01\/logo.png\",\"contentUrl\":\"https:\/\/villapaladina.com\/wp-content\/uploads\/2020\/01\/logo.png\",\"width\":200,\"height\":163,\"caption\":\"Villa Paladina\"},\"image\":{\"@id\":\"https:\/\/villapaladina.com\/#\/schema\/logo\/image\/\"},\"sameAs\":[\"https:\/\/www.facebook.com\/villapaladina\",\"https:\/\/www.instagram.com\/villapaladina\/\"]}]}<\/script>\n<!-- \/ Yoast SEO plugin. -->","yoast_head_json":{"title":"Conditions et services - Villa Paladina","robots":{"index":"index","follow":"follow","max-snippet":"max-snippet:-1","max-image-preview":"max-image-preview:large","max-video-preview":"max-video-preview:-1"},"canonical":"https:\/\/villapaladina.com\/fr\/conditions-services\/","og_locale":"fr_FR","og_type":"article","og_title":"Conditions et services - Villa Paladina","og_description":"Conditions et services CHAMBRES Les chambres de la Villa Paladina sont \u00e0 th\u00e8me et chacune repr\u00e9sente une facette de Praia Foz do Arelho : les bateaux dans la lagune, les dunes, les falaises, les coquillages, les mouettes et la baleine imaginaire qui habite l&rsquo;horizon atlantique. Chaque chambre est \u00e9quip\u00e9e de tout le confort et offre [&hellip;]","og_url":"https:\/\/villapaladina.com\/fr\/conditions-services\/","og_site_name":"Villa Paladina","article_publisher":"https:\/\/www.facebook.com\/villapaladina","article_modified_time":"2023-04-10T16:05:40+00:00","twitter_card":"summary_large_image","twitter_misc":{"Dur\u00e9e de lecture estim\u00e9e":"1 minute"},"schema":{"@context":"https:\/\/schema.org","@graph":[{"@type":"WebPage","@id":"https:\/\/villapaladina.com\/fr\/conditions-services\/","url":"https:\/\/villapaladina.com\/fr\/conditions-services\/","name":"Conditions et services - Villa Paladina","isPartOf":{"@id":"https:\/\/villapaladina.com\/#website"},"datePublished":"2023-03-31T18:50:26+00:00","dateModified":"2023-04-10T16:05:40+00:00","breadcrumb":{"@id":"https:\/\/villapaladina.com\/fr\/conditions-services\/#breadcrumb"},"inLanguage":"fr-FR","potentialAction":[{"@type":"ReadAction","target":["https:\/\/villapaladina.com\/fr\/conditions-services\/"]}]},{"@type":"BreadcrumbList","@id":"https:\/\/villapaladina.com\/fr\/conditions-services\/#breadcrumb","itemListElement":[{"@type":"ListItem","position":1,"name":"In\u00edcio","item":"https:\/\/villapaladina.com\/fr\/"},{"@type":"ListItem","position":2,"name":"Conditions et services"}]},{"@type":"WebSite","@id":"https:\/\/villapaladina.com\/#website","url":"https:\/\/villapaladina.com\/","name":"Villa Paladina","description":"","publisher":{"@id":"https:\/\/villapaladina.com\/#organization"},"potentialAction":[{"@type":"SearchAction","target":{"@type":"EntryPoint","urlTemplate":"https:\/\/villapaladina.com\/?s={search_term_string}"},"query-input":{"@type":"PropertyValueSpecification","valueRequired":true,"valueName":"search_term_string"}}],"inLanguage":"fr-FR"},{"@type":"Organization","@id":"https:\/\/villapaladina.com\/#organization","name":"Villa Paladina","url":"https:\/\/villapaladina.com\/","logo":{"@type":"ImageObject","inLanguage":"fr-FR","@id":"https:\/\/villapaladina.com\/#\/schema\/logo\/image\/","url":"https:\/\/villapaladina.com\/wp-content\/uploads\/2020\/01\/logo.png","contentUrl":"https:\/\/villapaladina.com\/wp-content\/uploads\/2020\/01\/logo.png","width":200,"height":163,"caption":"Villa Paladina"},"image":{"@id":"https:\/\/villapaladina.com\/#\/schema\/logo\/image\/"},"sameAs":["https:\/\/www.facebook.com\/villapaladina","https:\/\/www.instagram.com\/villapaladina\/"]}]}},"_links":{"self":[{"href":"https:\/\/villapaladina.com\/fr\/wp-json\/wp\/v2\/pages\/3822","targetHints":{"allow":["GET"]}}],"collection":[{"href":"https:\/\/villapaladina.com\/fr\/wp-json\/wp\/v2\/pages"}],"about":[{"href":"https:\/\/villapaladina.com\/fr\/wp-json\/wp\/v2\/types\/page"}],"author":[{"embeddable":true,"href":"https:\/\/villapaladina.com\/fr\/wp-json\/wp\/v2\/users\/2"}],"replies":[{"embeddable":true,"href":"https:\/\/villapaladina.com\/fr\/wp-json\/wp\/v2\/comments?post=3822"}],"version-history":[{"count":0,"href":"https:\/\/villapaladina.com\/fr\/wp-json\/wp\/v2\/pages\/3822\/revisions"}],"wp:attachment":[{"href":"https:\/\/villapaladina.com\/fr\/wp-json\/wp\/v2\/media?parent=3822"}],"curies":[{"name":"wp","href":"https:\/\/api.w.org\/{rel}","templated":true}]}}