{"id":3821,"date":"2023-04-10T15:57:11","date_gmt":"2023-04-10T15:57:11","guid":{"rendered":"https:\/\/villapaladina.com\/politique-de-confidentialite\/"},"modified":"2023-04-10T16:18:59","modified_gmt":"2023-04-10T16:18:59","slug":"politique-de-confidentialite","status":"publish","type":"page","link":"https:\/\/villapaladina.com\/fr\/politique-de-confidentialite\/","title":{"rendered":"Politique de confidentialit\u00e9"},"content":{"rendered":"<h1>Politique de protection de la vie priv\u00e9e<\/h1>\n<p>Cette page pr\u00e9sente la politique de confidentialit\u00e9 de www.villapaladina.com.<\/p>\n<p>Cet avis de confidentialit\u00e9 s&rsquo;applique uniquement aux donn\u00e9es collect\u00e9es par ce site web. Il vous informera sur les points suivants :<\/p>\n<p>Quelles donn\u00e9es personnelles sont collect\u00e9es par le site, comment elles sont utilis\u00e9es et avec qui elles peuvent \u00eatre partag\u00e9es.<br \/>\nComment vous pouvez g\u00e9rer vos donn\u00e9es personnelles.<br \/>\nLes proc\u00e9dures de s\u00e9curit\u00e9 mises en place pour \u00e9viter toute utilisation abusive de vos donn\u00e9es.<br \/>\nLa mani\u00e8re dont vous pouvez corriger toute inexactitude dans les donn\u00e9es.<\/p>\n<h3>Collecte, utilisation et partage des donn\u00e9es<\/h3>\n<p>Nous sommes les seuls propri\u00e9taires des donn\u00e9es collect\u00e9es sur ce site. Nous n&rsquo;avons acc\u00e8s qu&rsquo;aux donn\u00e9es que vous nous fournissez volontairement par courrier \u00e9lectronique ou autre contact direct. Nous ne vendrons ni ne donnerons ces donn\u00e9es \u00e0 qui que ce soit.<\/p>\n<h3>Votre acc\u00e8s aux informations et leur contr\u00f4le<\/h3>\n<p>Vous pouvez nous contacter par courrier \u00e9lectronique (info@villapaladina.com) ou par t\u00e9l\u00e9phone (+351 962 912 416) \u00e0 tout moment pour :<\/p>\n<p>Voir quelles sont vos donn\u00e9es que nous avons stock\u00e9es ;<br \/>\nModifier \/ corriger les donn\u00e9es ;<br \/>\nsupprimer toutes les donn\u00e9es<br \/>\nexprimer toute pr\u00e9occupation concernant l&rsquo;utilisation de vos donn\u00e9es.<\/p>\n<h3>SECURITE<\/h3>\n<p>Nous prenons des pr\u00e9cautions pour prot\u00e9ger vos informations. Lorsque vous soumettez des donn\u00e9es sensibles par l&rsquo;interm\u00e9diaire du site, celles-ci sont prot\u00e9g\u00e9es en ligne et hors ligne.<\/p>\n<p>Nous utilisons le cryptage pour prot\u00e9ger les donn\u00e9es confidentielles transmises en ligne, mais nous prot\u00e9geons \u00e9galement vos donn\u00e9es hors ligne. Seuls les employ\u00e9s qui ont besoin de vos donn\u00e9es personnelles pour effectuer un travail sp\u00e9cifique (par exemple, la facturation ou le service client\u00e8le) y ont acc\u00e8s. Les ordinateurs\/serveurs sur lesquels nous stockons les donn\u00e9es personnelles sont conserv\u00e9s dans un environnement s\u00e9curis\u00e9.<\/p>\n<p>Des tiers peuvent utiliser des cookies, des balises web et d&rsquo;autres technologies de stockage pour collecter ou recevoir des informations de ce site et utiliser ces informations pour fournir des services de mesure et cibler des publicit\u00e9s.<\/p>\n<p>Si vous estimez que nous ne respectons pas cette politique de confidentialit\u00e9, vous devez nous contacter imm\u00e9diatement \u00e0 l&rsquo;adresse info@villapaladina.com.<\/p>\n","protected":false},"excerpt":{"rendered":"<p>Politique de protection de la vie priv\u00e9e Cette page pr\u00e9sente la politique de confidentialit\u00e9 de www.villapaladina.com. Cet avis de confidentialit\u00e9 s&rsquo;applique uniquement aux donn\u00e9es collect\u00e9es par ce site web. Il vous informera sur les points suivants : Quelles donn\u00e9es personnelles sont collect\u00e9es par le site, comment elles sont utilis\u00e9es et avec qui elles peuvent \u00eatre [&hellip;]<\/p>\n","protected":false},"author":2,"featured_media":0,"parent":0,"menu_order":0,"comment_status":"closed","ping_status":"closed","template":"privacy-policy.php","meta":{"_acf_changed":false,"footnotes":""},"class_list":["post-3821","page","type-page","status-publish","hentry"],"acf":[],"yoast_head":"<!-- This site is optimized with the Yoast SEO plugin v26.4 - https:\/\/yoast.com\/wordpress\/plugins\/seo\/ -->\n<title>Politique de confidentialit\u00e9 - Villa Paladina<\/title>\n<meta name=\"robots\" content=\"index, follow, max-snippet:-1, max-image-preview:large, max-video-preview:-1\" \/>\n<link rel=\"canonical\" href=\"https:\/\/villapaladina.com\/fr\/politique-de-confidentialite\/\" \/>\n<meta property=\"og:locale\" content=\"fr_FR\" \/>\n<meta property=\"og:type\" content=\"article\" \/>\n<meta property=\"og:title\" content=\"Politique de confidentialit\u00e9 - Villa Paladina\" \/>\n<meta property=\"og:description\" content=\"Politique de protection de la vie priv\u00e9e Cette page pr\u00e9sente la politique de confidentialit\u00e9 de www.villapaladina.com. Cet avis de confidentialit\u00e9 s&rsquo;applique uniquement aux donn\u00e9es collect\u00e9es par ce site web. Il vous informera sur les points suivants : Quelles donn\u00e9es personnelles sont collect\u00e9es par le site, comment elles sont utilis\u00e9es et avec qui elles peuvent \u00eatre [&hellip;]\" \/>\n<meta property=\"og:url\" content=\"https:\/\/villapaladina.com\/fr\/politique-de-confidentialite\/\" \/>\n<meta property=\"og:site_name\" content=\"Villa Paladina\" \/>\n<meta property=\"article:publisher\" content=\"https:\/\/www.facebook.com\/villapaladina\" \/>\n<meta property=\"article:modified_time\" content=\"2023-04-10T16:18:59+00:00\" \/>\n<meta name=\"twitter:card\" content=\"summary_large_image\" \/>\n<meta name=\"twitter:label1\" content=\"Dur\u00e9e de lecture estim\u00e9e\" \/>\n\t<meta name=\"twitter:data1\" content=\"2 minutes\" \/>\n<script type=\"application\/ld+json\" class=\"yoast-schema-graph\">{\"@context\":\"https:\/\/schema.org\",\"@graph\":[{\"@type\":\"WebPage\",\"@id\":\"https:\/\/villapaladina.com\/fr\/politique-de-confidentialite\/\",\"url\":\"https:\/\/villapaladina.com\/fr\/politique-de-confidentialite\/\",\"name\":\"Politique de confidentialit\u00e9 - Villa Paladina\",\"isPartOf\":{\"@id\":\"https:\/\/villapaladina.com\/#website\"},\"datePublished\":\"2023-04-10T15:57:11+00:00\",\"dateModified\":\"2023-04-10T16:18:59+00:00\",\"breadcrumb\":{\"@id\":\"https:\/\/villapaladina.com\/fr\/politique-de-confidentialite\/#breadcrumb\"},\"inLanguage\":\"fr-FR\",\"potentialAction\":[{\"@type\":\"ReadAction\",\"target\":[\"https:\/\/villapaladina.com\/fr\/politique-de-confidentialite\/\"]}]},{\"@type\":\"BreadcrumbList\",\"@id\":\"https:\/\/villapaladina.com\/fr\/politique-de-confidentialite\/#breadcrumb\",\"itemListElement\":[{\"@type\":\"ListItem\",\"position\":1,\"name\":\"In\u00edcio\",\"item\":\"https:\/\/villapaladina.com\/fr\/\"},{\"@type\":\"ListItem\",\"position\":2,\"name\":\"Politique de confidentialit\u00e9\"}]},{\"@type\":\"WebSite\",\"@id\":\"https:\/\/villapaladina.com\/#website\",\"url\":\"https:\/\/villapaladina.com\/\",\"name\":\"Villa Paladina\",\"description\":\"\",\"publisher\":{\"@id\":\"https:\/\/villapaladina.com\/#organization\"},\"potentialAction\":[{\"@type\":\"SearchAction\",\"target\":{\"@type\":\"EntryPoint\",\"urlTemplate\":\"https:\/\/villapaladina.com\/?s={search_term_string}\"},\"query-input\":{\"@type\":\"PropertyValueSpecification\",\"valueRequired\":true,\"valueName\":\"search_term_string\"}}],\"inLanguage\":\"fr-FR\"},{\"@type\":\"Organization\",\"@id\":\"https:\/\/villapaladina.com\/#organization\",\"name\":\"Villa Paladina\",\"url\":\"https:\/\/villapaladina.com\/\",\"logo\":{\"@type\":\"ImageObject\",\"inLanguage\":\"fr-FR\",\"@id\":\"https:\/\/villapaladina.com\/#\/schema\/logo\/image\/\",\"url\":\"https:\/\/villapaladina.com\/wp-content\/uploads\/2020\/01\/logo.png\",\"contentUrl\":\"https:\/\/villapaladina.com\/wp-content\/uploads\/2020\/01\/logo.png\",\"width\":200,\"height\":163,\"caption\":\"Villa Paladina\"},\"image\":{\"@id\":\"https:\/\/villapaladina.com\/#\/schema\/logo\/image\/\"},\"sameAs\":[\"https:\/\/www.facebook.com\/villapaladina\",\"https:\/\/www.instagram.com\/villapaladina\/\"]}]}<\/script>\n<!-- \/ Yoast SEO plugin. -->","yoast_head_json":{"title":"Politique de confidentialit\u00e9 - Villa Paladina","robots":{"index":"index","follow":"follow","max-snippet":"max-snippet:-1","max-image-preview":"max-image-preview:large","max-video-preview":"max-video-preview:-1"},"canonical":"https:\/\/villapaladina.com\/fr\/politique-de-confidentialite\/","og_locale":"fr_FR","og_type":"article","og_title":"Politique de confidentialit\u00e9 - Villa Paladina","og_description":"Politique de protection de la vie priv\u00e9e Cette page pr\u00e9sente la politique de confidentialit\u00e9 de www.villapaladina.com. Cet avis de confidentialit\u00e9 s&rsquo;applique uniquement aux donn\u00e9es collect\u00e9es par ce site web. Il vous informera sur les points suivants : Quelles donn\u00e9es personnelles sont collect\u00e9es par le site, comment elles sont utilis\u00e9es et avec qui elles peuvent \u00eatre [&hellip;]","og_url":"https:\/\/villapaladina.com\/fr\/politique-de-confidentialite\/","og_site_name":"Villa Paladina","article_publisher":"https:\/\/www.facebook.com\/villapaladina","article_modified_time":"2023-04-10T16:18:59+00:00","twitter_card":"summary_large_image","twitter_misc":{"Dur\u00e9e de lecture estim\u00e9e":"2 minutes"},"schema":{"@context":"https:\/\/schema.org","@graph":[{"@type":"WebPage","@id":"https:\/\/villapaladina.com\/fr\/politique-de-confidentialite\/","url":"https:\/\/villapaladina.com\/fr\/politique-de-confidentialite\/","name":"Politique de confidentialit\u00e9 - Villa Paladina","isPartOf":{"@id":"https:\/\/villapaladina.com\/#website"},"datePublished":"2023-04-10T15:57:11+00:00","dateModified":"2023-04-10T16:18:59+00:00","breadcrumb":{"@id":"https:\/\/villapaladina.com\/fr\/politique-de-confidentialite\/#breadcrumb"},"inLanguage":"fr-FR","potentialAction":[{"@type":"ReadAction","target":["https:\/\/villapaladina.com\/fr\/politique-de-confidentialite\/"]}]},{"@type":"BreadcrumbList","@id":"https:\/\/villapaladina.com\/fr\/politique-de-confidentialite\/#breadcrumb","itemListElement":[{"@type":"ListItem","position":1,"name":"In\u00edcio","item":"https:\/\/villapaladina.com\/fr\/"},{"@type":"ListItem","position":2,"name":"Politique de confidentialit\u00e9"}]},{"@type":"WebSite","@id":"https:\/\/villapaladina.com\/#website","url":"https:\/\/villapaladina.com\/","name":"Villa Paladina","description":"","publisher":{"@id":"https:\/\/villapaladina.com\/#organization"},"potentialAction":[{"@type":"SearchAction","target":{"@type":"EntryPoint","urlTemplate":"https:\/\/villapaladina.com\/?s={search_term_string}"},"query-input":{"@type":"PropertyValueSpecification","valueRequired":true,"valueName":"search_term_string"}}],"inLanguage":"fr-FR"},{"@type":"Organization","@id":"https:\/\/villapaladina.com\/#organization","name":"Villa Paladina","url":"https:\/\/villapaladina.com\/","logo":{"@type":"ImageObject","inLanguage":"fr-FR","@id":"https:\/\/villapaladina.com\/#\/schema\/logo\/image\/","url":"https:\/\/villapaladina.com\/wp-content\/uploads\/2020\/01\/logo.png","contentUrl":"https:\/\/villapaladina.com\/wp-content\/uploads\/2020\/01\/logo.png","width":200,"height":163,"caption":"Villa Paladina"},"image":{"@id":"https:\/\/villapaladina.com\/#\/schema\/logo\/image\/"},"sameAs":["https:\/\/www.facebook.com\/villapaladina","https:\/\/www.instagram.com\/villapaladina\/"]}]}},"_links":{"self":[{"href":"https:\/\/villapaladina.com\/fr\/wp-json\/wp\/v2\/pages\/3821","targetHints":{"allow":["GET"]}}],"collection":[{"href":"https:\/\/villapaladina.com\/fr\/wp-json\/wp\/v2\/pages"}],"about":[{"href":"https:\/\/villapaladina.com\/fr\/wp-json\/wp\/v2\/types\/page"}],"author":[{"embeddable":true,"href":"https:\/\/villapaladina.com\/fr\/wp-json\/wp\/v2\/users\/2"}],"replies":[{"embeddable":true,"href":"https:\/\/villapaladina.com\/fr\/wp-json\/wp\/v2\/comments?post=3821"}],"version-history":[{"count":0,"href":"https:\/\/villapaladina.com\/fr\/wp-json\/wp\/v2\/pages\/3821\/revisions"}],"wp:attachment":[{"href":"https:\/\/villapaladina.com\/fr\/wp-json\/wp\/v2\/media?parent=3821"}],"curies":[{"name":"wp","href":"https:\/\/api.w.org\/{rel}","templated":true}]}}