{"id":3265,"date":"2020-01-23T10:28:01","date_gmt":"2020-01-23T10:28:01","guid":{"rendered":"https:\/\/villapaladina.com\/hotel\/"},"modified":"2023-02-20T10:37:20","modified_gmt":"2023-02-20T10:37:20","slug":"villa","status":"publish","type":"page","link":"https:\/\/villapaladina.com\/fr\/villa\/","title":{"rendered":"Villa"},"content":{"rendered":"<p><strong>Bienvenue \u00e0 Villa Paladina, h\u00f4tel-boutique exclusif o\u00f9 vous vous sentirez comme chez vous.<\/strong><br \/>\nL\u2019h\u00f4tel Villa Paladina dispose de seulement 6 chambres, ce qui vous garantit une paix absolue pour que vous puissiez profiter de votre s\u00e9jour et de tout ce que nous avons \u00e0 vous offrir.<br \/>\nLorsque vous arriverez ici, vous aurez l&rsquo;opportunit\u00e9 de contempler un paysage \u00e0 couper le souffle, o\u00f9 la paisible lagune d&rsquo;\u00d3bidos rencontre le puissant Oc\u00e9an Atlantique. L&rsquo;horizon r\u00e9serve bien des surprises, vous pourrez m\u00eame apercevoir les \u00eeles de l&rsquo;Archipel des Berlengas au large de la c\u00f4te de Peniche, parmi d\u2019autres dons \u00e9tonnants de la nature.<br \/>\nEntour\u00e9 d&rsquo;histoire avec le ch\u00e2teau d&rsquo;\u00d3bidos situ\u00e9 \u00e0 deux pas ou bien le plus ancien h\u00f4pital thermal du monde \u00e0 Caldas da Rainha, de plages incroyables \u00e0 perte de vue, de vall\u00e9es et de collines o\u00f9 la nature semble avoir fait un pacte avec ceux qui cherchent \u00e0 vivre intens\u00e9ment chaque journ\u00e9e, une gastronomie et des vins locaux de r\u00e9putation mondiale, venez voir pourquoi l\u2019h\u00f4tel Villa Paladina est sans doute l&rsquo;un des meilleurs endroits de notre pays pour vos vacances. Des activit\u00e9s tr\u00e8s vari\u00e9es, allant des sports nautiques au golf sur certains des parcours les plus prim\u00e9s d&rsquo;Europe, sont la garantie de moments bien v\u00e9cus, quelle que soit la compagnie.<br \/>\nVenez passer un peu de temps avec nous et laissez-vous s\u00e9duire par la r\u00e9gion Ouest.<\/p>\n","protected":false},"excerpt":{"rendered":"<p>Bienvenue \u00e0 Villa Paladina, h\u00f4tel-boutique exclusif o\u00f9 vous vous sentirez comme chez vous. L\u2019h\u00f4tel Villa Paladina dispose de seulement 6 chambres, ce qui vous garantit une paix absolue pour que vous puissiez profiter de votre s\u00e9jour et de tout ce que nous avons \u00e0 vous offrir. Lorsque vous arriverez ici, vous aurez l&rsquo;opportunit\u00e9 de contempler [&hellip;]<\/p>\n","protected":false},"author":2,"featured_media":0,"parent":0,"menu_order":0,"comment_status":"closed","ping_status":"closed","template":"villa.php","meta":{"_acf_changed":false,"footnotes":""},"class_list":["post-3265","page","type-page","status-publish","hentry"],"acf":[],"yoast_head":"<!-- This site is optimized with the Yoast SEO plugin v26.4 - https:\/\/yoast.com\/wordpress\/plugins\/seo\/ -->\n<title>Villa - Villa Paladina<\/title>\n<meta name=\"robots\" content=\"index, follow, max-snippet:-1, max-image-preview:large, max-video-preview:-1\" \/>\n<link rel=\"canonical\" href=\"https:\/\/villapaladina.com\/fr\/villa\/\" \/>\n<meta property=\"og:locale\" content=\"fr_FR\" \/>\n<meta property=\"og:type\" content=\"article\" \/>\n<meta property=\"og:title\" content=\"Villa - Villa Paladina\" \/>\n<meta property=\"og:description\" content=\"Bienvenue \u00e0 Villa Paladina, h\u00f4tel-boutique exclusif o\u00f9 vous vous sentirez comme chez vous. L\u2019h\u00f4tel Villa Paladina dispose de seulement 6 chambres, ce qui vous garantit une paix absolue pour que vous puissiez profiter de votre s\u00e9jour et de tout ce que nous avons \u00e0 vous offrir. Lorsque vous arriverez ici, vous aurez l&rsquo;opportunit\u00e9 de contempler [&hellip;]\" \/>\n<meta property=\"og:url\" content=\"https:\/\/villapaladina.com\/fr\/villa\/\" \/>\n<meta property=\"og:site_name\" content=\"Villa Paladina\" \/>\n<meta property=\"article:publisher\" content=\"https:\/\/www.facebook.com\/villapaladina\" \/>\n<meta property=\"article:modified_time\" content=\"2023-02-20T10:37:20+00:00\" \/>\n<meta name=\"twitter:card\" content=\"summary_large_image\" \/>\n<meta name=\"twitter:label1\" content=\"Dur\u00e9e de lecture estim\u00e9e\" \/>\n\t<meta name=\"twitter:data1\" content=\"1 minute\" \/>\n<script type=\"application\/ld+json\" class=\"yoast-schema-graph\">{\"@context\":\"https:\/\/schema.org\",\"@graph\":[{\"@type\":\"WebPage\",\"@id\":\"https:\/\/villapaladina.com\/fr\/villa\/\",\"url\":\"https:\/\/villapaladina.com\/fr\/villa\/\",\"name\":\"Villa - Villa Paladina\",\"isPartOf\":{\"@id\":\"https:\/\/villapaladina.com\/#website\"},\"datePublished\":\"2020-01-23T10:28:01+00:00\",\"dateModified\":\"2023-02-20T10:37:20+00:00\",\"breadcrumb\":{\"@id\":\"https:\/\/villapaladina.com\/fr\/villa\/#breadcrumb\"},\"inLanguage\":\"fr-FR\",\"potentialAction\":[{\"@type\":\"ReadAction\",\"target\":[\"https:\/\/villapaladina.com\/fr\/villa\/\"]}]},{\"@type\":\"BreadcrumbList\",\"@id\":\"https:\/\/villapaladina.com\/fr\/villa\/#breadcrumb\",\"itemListElement\":[{\"@type\":\"ListItem\",\"position\":1,\"name\":\"In\u00edcio\",\"item\":\"https:\/\/villapaladina.com\/fr\/\"},{\"@type\":\"ListItem\",\"position\":2,\"name\":\"Villa\"}]},{\"@type\":\"WebSite\",\"@id\":\"https:\/\/villapaladina.com\/#website\",\"url\":\"https:\/\/villapaladina.com\/\",\"name\":\"Villa Paladina\",\"description\":\"\",\"publisher\":{\"@id\":\"https:\/\/villapaladina.com\/#organization\"},\"potentialAction\":[{\"@type\":\"SearchAction\",\"target\":{\"@type\":\"EntryPoint\",\"urlTemplate\":\"https:\/\/villapaladina.com\/?s={search_term_string}\"},\"query-input\":{\"@type\":\"PropertyValueSpecification\",\"valueRequired\":true,\"valueName\":\"search_term_string\"}}],\"inLanguage\":\"fr-FR\"},{\"@type\":\"Organization\",\"@id\":\"https:\/\/villapaladina.com\/#organization\",\"name\":\"Villa Paladina\",\"url\":\"https:\/\/villapaladina.com\/\",\"logo\":{\"@type\":\"ImageObject\",\"inLanguage\":\"fr-FR\",\"@id\":\"https:\/\/villapaladina.com\/#\/schema\/logo\/image\/\",\"url\":\"https:\/\/villapaladina.com\/wp-content\/uploads\/2020\/01\/logo.png\",\"contentUrl\":\"https:\/\/villapaladina.com\/wp-content\/uploads\/2020\/01\/logo.png\",\"width\":200,\"height\":163,\"caption\":\"Villa Paladina\"},\"image\":{\"@id\":\"https:\/\/villapaladina.com\/#\/schema\/logo\/image\/\"},\"sameAs\":[\"https:\/\/www.facebook.com\/villapaladina\",\"https:\/\/www.instagram.com\/villapaladina\/\"]}]}<\/script>\n<!-- \/ Yoast SEO plugin. -->","yoast_head_json":{"title":"Villa - Villa Paladina","robots":{"index":"index","follow":"follow","max-snippet":"max-snippet:-1","max-image-preview":"max-image-preview:large","max-video-preview":"max-video-preview:-1"},"canonical":"https:\/\/villapaladina.com\/fr\/villa\/","og_locale":"fr_FR","og_type":"article","og_title":"Villa - Villa Paladina","og_description":"Bienvenue \u00e0 Villa Paladina, h\u00f4tel-boutique exclusif o\u00f9 vous vous sentirez comme chez vous. L\u2019h\u00f4tel Villa Paladina dispose de seulement 6 chambres, ce qui vous garantit une paix absolue pour que vous puissiez profiter de votre s\u00e9jour et de tout ce que nous avons \u00e0 vous offrir. Lorsque vous arriverez ici, vous aurez l&rsquo;opportunit\u00e9 de contempler [&hellip;]","og_url":"https:\/\/villapaladina.com\/fr\/villa\/","og_site_name":"Villa Paladina","article_publisher":"https:\/\/www.facebook.com\/villapaladina","article_modified_time":"2023-02-20T10:37:20+00:00","twitter_card":"summary_large_image","twitter_misc":{"Dur\u00e9e de lecture estim\u00e9e":"1 minute"},"schema":{"@context":"https:\/\/schema.org","@graph":[{"@type":"WebPage","@id":"https:\/\/villapaladina.com\/fr\/villa\/","url":"https:\/\/villapaladina.com\/fr\/villa\/","name":"Villa - Villa Paladina","isPartOf":{"@id":"https:\/\/villapaladina.com\/#website"},"datePublished":"2020-01-23T10:28:01+00:00","dateModified":"2023-02-20T10:37:20+00:00","breadcrumb":{"@id":"https:\/\/villapaladina.com\/fr\/villa\/#breadcrumb"},"inLanguage":"fr-FR","potentialAction":[{"@type":"ReadAction","target":["https:\/\/villapaladina.com\/fr\/villa\/"]}]},{"@type":"BreadcrumbList","@id":"https:\/\/villapaladina.com\/fr\/villa\/#breadcrumb","itemListElement":[{"@type":"ListItem","position":1,"name":"In\u00edcio","item":"https:\/\/villapaladina.com\/fr\/"},{"@type":"ListItem","position":2,"name":"Villa"}]},{"@type":"WebSite","@id":"https:\/\/villapaladina.com\/#website","url":"https:\/\/villapaladina.com\/","name":"Villa Paladina","description":"","publisher":{"@id":"https:\/\/villapaladina.com\/#organization"},"potentialAction":[{"@type":"SearchAction","target":{"@type":"EntryPoint","urlTemplate":"https:\/\/villapaladina.com\/?s={search_term_string}"},"query-input":{"@type":"PropertyValueSpecification","valueRequired":true,"valueName":"search_term_string"}}],"inLanguage":"fr-FR"},{"@type":"Organization","@id":"https:\/\/villapaladina.com\/#organization","name":"Villa Paladina","url":"https:\/\/villapaladina.com\/","logo":{"@type":"ImageObject","inLanguage":"fr-FR","@id":"https:\/\/villapaladina.com\/#\/schema\/logo\/image\/","url":"https:\/\/villapaladina.com\/wp-content\/uploads\/2020\/01\/logo.png","contentUrl":"https:\/\/villapaladina.com\/wp-content\/uploads\/2020\/01\/logo.png","width":200,"height":163,"caption":"Villa Paladina"},"image":{"@id":"https:\/\/villapaladina.com\/#\/schema\/logo\/image\/"},"sameAs":["https:\/\/www.facebook.com\/villapaladina","https:\/\/www.instagram.com\/villapaladina\/"]}]}},"_links":{"self":[{"href":"https:\/\/villapaladina.com\/fr\/wp-json\/wp\/v2\/pages\/3265","targetHints":{"allow":["GET"]}}],"collection":[{"href":"https:\/\/villapaladina.com\/fr\/wp-json\/wp\/v2\/pages"}],"about":[{"href":"https:\/\/villapaladina.com\/fr\/wp-json\/wp\/v2\/types\/page"}],"author":[{"embeddable":true,"href":"https:\/\/villapaladina.com\/fr\/wp-json\/wp\/v2\/users\/2"}],"replies":[{"embeddable":true,"href":"https:\/\/villapaladina.com\/fr\/wp-json\/wp\/v2\/comments?post=3265"}],"version-history":[{"count":0,"href":"https:\/\/villapaladina.com\/fr\/wp-json\/wp\/v2\/pages\/3265\/revisions"}],"wp:attachment":[{"href":"https:\/\/villapaladina.com\/fr\/wp-json\/wp\/v2\/media?parent=3265"}],"curies":[{"name":"wp","href":"https:\/\/api.w.org\/{rel}","templated":true}]}}